{"id":5620,"date":"2025-05-15T11:23:08","date_gmt":"2025-05-15T11:23:08","guid":{"rendered":"https:\/\/aftt.be\/?page_id=5620"},"modified":"2026-02-12T08:18:23","modified_gmt":"2026-02-12T08:18:23","slug":"discipline","status":"publish","type":"page","link":"https:\/\/aftt.be\/index.php\/discipline\/","title":{"rendered":"Discipline"},"content":{"rendered":"\t\t<div data-elementor-type=\"wp-page\" data-elementor-id=\"5620\" class=\"elementor elementor-5620\" data-elementor-post-type=\"page\">\n\t\t\t\t<div class=\"elementor-element elementor-element-aae8364 e-flex e-con-boxed e-con e-parent\" data-id=\"aae8364\" data-element_type=\"container\">\n\t\t\t\t\t<div class=\"e-con-inner\">\n\t\t\t\t<div class=\"elementor-element elementor-element-6882159 elementor-widget elementor-widget-text-editor\" data-id=\"6882159\" data-element_type=\"widget\" data-widget_type=\"text-editor.default\">\n\t\t\t\t<div class=\"elementor-widget-container\">\n\t\t\t\t\t\t\t\t\t<p>Voici la liste des sanctions disciplinaires :<\/p><div><span lang=\"FR\">\u00a0<\/span><span lang=\"FR\">10\/03\/2025<\/span><\/div><div><span lang=\"FR\">Anthony Savoca :\u00a0<i>\u00abretrait imm\u00e9diat de la liste de forces du club H387-Ping Pong Club Pecq et perte du droit de jouer en double appartenance pour la saison 2025-2026<\/i>\u00bb<\/span><\/div><div>\u00a0<\/div><div><span lang=\"FR\">Tayeb Ourahmoune :\u00a0<i>\u00abretrait imm\u00e9diat de la liste de forces du club H290-Palette Bon-Secours et perte du droit de jouer en double appartenance pour la saison 2025-2026<\/i>\u00bb<\/span><\/div><div><span lang=\"FR\">\u00a0<\/span><\/div><div><span lang=\"FR\">14\/04\/2025<\/span><\/div><div><span lang=\"FR\">David Musin:\u00a0<i>\u00ab\u00a04 semaines de suspension ferme de toutes comp\u00e9titions, soit les semaines 1 \u00e0 4 de l\u2019interclubs 2025-2026 et du 13 septembre 2025 au 5 octobre 2026 pour les comp\u00e9titions individuelles\u00a0\u00bb<\/i><\/span><\/div><div>\u00a0<\/div><div>23\/04\/2025<\/div><div>Pierre Vassart :\u00a0\u00ab <em>suspension de toutes comp\u00e9titions individuelles et par \u00e9quipes, d\u2019une dur\u00e9e de 6 mois <u>dont 3 mois fermes<\/u> \u00e0 dater du 17 mars 2025 jusqu\u2019au 16 juin 2025 et de 3 mois avec un sursis de 3 ans. Pierre Vassart ne pourra donc rejouer qu\u2019\u00e0 dater du 16 juin 2025 et s\u2019il est \u00e0 nouveau puni avant le 16 mars 2028, les 3 mois avec sursis seront transform\u00e9s en sanction ferme \u00e0 ce moment-l\u00e0<\/em>.\u00a0\u00bb<\/div><div>\u00a0<\/div><div>29\/04\/2025<\/div><div>Lucas Christophe : une suspension de toutes comp\u00e9titions, individuelles et par \u00e9quipes, d\u2019une dur\u00e9e de 6 semaines avec un sursis pour la totalit\u00e9 de la peine, suivant l\u2019article T.6.3.5 du r\u00e8glement disciplinaire de l\u2019AFTT. Le sursis s\u2019\u00e9tend jusqu\u2019au 30 juin 2027. M. Lucas Christophe n\u2019a donc pas de suspension ferme.<\/div><div>\u00a0<\/div><div>26\/08\/2025<\/div><div>Sanjay Sovet : \u00ab une suspension ferme de toutes comp\u00e9titions, individuelles et par \u00e9quipes, d\u2019une dur\u00e9e de 60 mois, \u00e0 dater du 1er septembre 2025 jusqu\u2019au 31 ao\u00fbt 2030, suivant les articles T.6.3.13 et T.6.2.16 du r\u00e8glement\u00a0 disciplinaire de l\u2019AFTT. M. Sanjay Sovet ne pourra donc rejouer qu\u2019\u00e0 dater du 1er septembre 2030, une fois sa suspension ferme termin\u00e9e\u00bb<\/div><div>\u00a0<\/div><div>26\/08\/2025<\/div><div>Abimael Menezes Araujo : \u00ab une suspension de toutes comp\u00e9titions, individuelles et par \u00e9quipes, d\u2019une dur\u00e9e de 36 mois, dont 6 mois fermes \u00e0 dater du 1er septembre 2025 jusqu\u2019au 28 f\u00e9vrier 2026, suivant les articles T.6.3.13 et T.6.2.16 du r\u00e8glement disciplinaire de l\u2019AFTT. Le surplus de la peine \u00e9tant assorti d\u2019un sursis jusqu\u2019au 31 ao\u00fbt 2028. M. Abimael Menezes Araujo ne pourra donc rejouer qu\u2019\u00e0 dater du 1er septembre 2028, une fois sa suspension ferme termin\u00e9e\u00bb<\/div><div>\u00a0<\/div><div>26\/08\/2025<\/div><div>Ethan Poty : \u00ab une suspension de toutes comp\u00e9titions, individuelles et par \u00e9quipes, d\u2019une dur\u00e9e de 12 mois avec un sursis total, \u00e0 dater du 1er septembre 2025 jusqu\u2019au 31 ao\u00fbt 2026, suivant les articles T.6.3.13 et T.6.2.16 du r\u00e8glement disciplinaire de l\u2019AFTT. Messieurs Zimmermann, Poty et Van Rintel peuvent donc continuer \u00e0 jouer d\u00e8s \u00e0 pr\u00e9sent\u00bb<\/div><div>\u00a0<\/div><div>26\/08\/2025<\/div><div>Ludovic Van Rintel \u00ab une suspension de toutes comp\u00e9titions, individuelles et par \u00e9quipes, d\u2019une dur\u00e9e de 12 mois avec un sursis total, \u00e0 dater du 1er septembre 2025 jusqu\u2019au 31 ao\u00fbt 2026, suivant les articles T.6.3.13 et T.6.2.16 du r\u00e8glement disciplinaire de l\u2019AFTT. Messieurs Zimmermann, Poty et Van Rintel peuvent donc continuer \u00e0 jouer d\u00e8s \u00e0 pr\u00e9sent\u00bb<\/div><div>\u00a0<\/div><div>26\/08\/2025<\/div><div>David Zimmermann : \u00ab une suspension de toutes comp\u00e9titions, individuelles et par \u00e9quipes, d\u2019une dur\u00e9e de 12 mois avec un sursis total, \u00e0 dater du 1er septembre 2025 jusqu\u2019au 31 ao\u00fbt 2026, suivant les articles T.6.3.13 et T.6.2.16 du r\u00e8glement disciplinaire de l\u2019AFTT. Messieurs Zimmermann, Poty et Van Rintel peuvent donc continuer \u00e0 jouer d\u00e8s \u00e0 pr\u00e9sent\u00bb<\/div><div>\u00a0<\/div><div>28\/10\/2025<\/div><div>Ioan Lorincz : \u00ab une suspension de toutes comp\u00e9titions, individuelles et par \u00e9quipes d\u2019une dur\u00e9e de 32 mois dont 8 mois fermes assortis d\u2019un sursis de 5 ans pour le surplus, suivant les articles T.6.2.9 et T.6.2.16 du r\u00e8glement disciplinaire de l\u2019AFTT. M. Ioan Lorincz re\u00e7oit donc une suspension ferme du 1er novembre 2025 jusqu\u2019au 30 juin 2026\u00bb<\/div><div>\u00a0<\/div><div>28\/10\/2025<\/div><div>S\u00e9rafima Macarenco : \u00ab une suspension de toutes comp\u00e9titions, individuelles et par \u00e9quipes, d\u2019une dur\u00e9e de 4 semaines avec un sursis pour la totalit\u00e9 de la peine, suivant l\u2019article T.6.2.3 et T.6.2.16 du r\u00e8glement disciplinaire de l\u2019AFTT. Le sursis s\u2019\u00e9tend jusqu\u2019au 30 juin 2027. Mlle S\u00e9rafima Macarenco n\u2019a donc pas de suspension ferme\u00bb<\/div><div>\u00a0<\/div><div>28\/10\/2025<\/div><div>Martin Jetten : 8 semaines avec sursis pour la moiti\u00e9 de la peine, suivant l&#8217;article T.6.2.4 du r\u00e8glement disciplinaire de l&#8217;AFTT. Le sursis s&#8217;\u00e9tend jusqu&#8217;au 30 juin 2027.<\/div><div>\u00a0<\/div><div>28\/10\/2025<\/div><div>Mathieu Dessaint : \u00ab une suspension de toutes comp\u00e9titions, individuelles et par \u00e9quipes, d\u2019une dur\u00e9e de 4 semaines avec un sursis total pour la dur\u00e9e de la peine pour une dur\u00e9e de 2 ans, suivant les articles T.6.2.9 et T.6.2.16 du r\u00e8glement disciplinaire de l\u2019AFTT. Le sursis s\u2019\u00e9tend jusqu\u2019au 31 octobre 2027. M. Dessaint n\u2019a donc aucune suspension ferme\u00bb<\/div><div>\u00a0<\/div><div>25\/11\/2025<\/div><div>Depelsmaeker Andr\u00e9 : 6 semaines d\u2019interclubs avec un sursis total pour une p\u00e9riode de deux ann\u00e9es \u00e0 dater du 15 d\u00e9cembre 2025.<\/div><div>\u00a0<\/div><div>15\/01\/2026<\/div><div>Medrich Gilboux : \u00ab une suspension de toutes comp\u00e9titions, individuelles et par \u00e9quipes d\u2019une dur\u00e9e de 4 semaines dont 2 semaines fermes assorties d\u2019un sursis de 2 ans pour le surplus, suivant l\u2019article T.6.2.3 du r\u00e8glement disciplinaire<br \/>de l\u2019AFTT. M. Medrich Gilboux re\u00e7oit donc une suspension ferme pour les semaines 15 et 16 de l\u2019interclubs 2025-2026\u00bb<\/div><div>\u00a0<\/div><div>09\/02\/2026<\/div><div>Dominique Harmand : \u00ab6 mois de suspension comme joueur<br \/>et dirigeant avec un sursis de 5 ans pour la totalit\u00e9 de la peine\u00bb, suivant le r\u00e8glement disciplinaire de l\u2019AFTT, article T.6.2.3. Le sursis s\u2019\u00e9tend d\u00e8s lors jusqu\u2019au 28 f\u00e9vrier 2031.<\/div><div>\u00a0<\/div><div>09\/02\/2026<\/div><div>Maxime Coeyman : \u00ab une suspension de toutes comp\u00e9titions, individuelles et par \u00e9quipes d\u2019une dur\u00e9e de 8 semaines assorties d\u2019un sursis total pour une dur\u00e9e de 2 ans, suivant l\u2019article T.6.2.5 du r\u00e8glement disciplinaire de l\u2019AFTT. Le sursis s\u2019\u00e9tend jusqu\u2019au 28 f\u00e9vrier 2028 \u00bb<\/div><div>\u00a0<\/div>\t\t\t\t\t\t\t\t<\/div>\n\t\t\t\t<\/div>\n\t\t\t\t\t<\/div>\n\t\t\t\t<\/div>\n\t\t\t\t<\/div>\n\t\t","protected":false},"excerpt":{"rendered":"<p>Voici la liste des sanctions disciplinaires : \u00a010\/03\/2025Anthony Savoca :\u00a0\u00abretrait imm\u00e9diat de la liste de forces du club H387-Ping Pong Club Pecq et perte du droit de jouer en double appartenance pour la saison 2025-2026\u00bb\u00a0Tayeb Ourahmoune :\u00a0\u00abretrait imm\u00e9diat de la liste de forces du club H290-Palette Bon-Secours et perte du droit de jouer en double &#8230; <a title=\"Discipline\" class=\"read-more\" href=\"https:\/\/aftt.be\/index.php\/discipline\/\" aria-label=\"En savoir plus sur Discipline\">Lire la suite<\/a><\/p>\n","protected":false},"author":1,"featured_media":0,"parent":0,"menu_order":0,"comment_status":"closed","ping_status":"closed","template":"","meta":{"footnotes":""},"class_list":["post-5620","page","type-page","status-publish"],"yoast_head":"<!-- This site is optimized with the Yoast SEO plugin v26.2 - https:\/\/yoast.com\/wordpress\/plugins\/seo\/ -->\n<title>Discipline - AFTT<\/title>\n<meta name=\"robots\" content=\"index, follow, max-snippet:-1, max-image-preview:large, max-video-preview:-1\" \/>\n<link rel=\"canonical\" href=\"https:\/\/aftt.be\/index.php\/discipline\/\" \/>\n<meta property=\"og:locale\" content=\"fr_FR\" \/>\n<meta property=\"og:type\" content=\"article\" \/>\n<meta property=\"og:title\" content=\"Discipline - AFTT\" \/>\n<meta property=\"og:description\" content=\"Voici la liste des sanctions disciplinaires : \u00a010\/03\/2025Anthony Savoca :\u00a0\u00abretrait imm\u00e9diat de la liste de forces du club H387-Ping Pong Club Pecq et perte du droit de jouer en double appartenance pour la saison 2025-2026\u00bb\u00a0Tayeb Ourahmoune :\u00a0\u00abretrait imm\u00e9diat de la liste de forces du club H290-Palette Bon-Secours et perte du droit de jouer en double ... Lire la suite\" \/>\n<meta property=\"og:url\" content=\"https:\/\/aftt.be\/index.php\/discipline\/\" \/>\n<meta property=\"og:site_name\" content=\"AFTT\" \/>\n<meta property=\"article:publisher\" content=\"https:\/\/www.facebook.com\/AFTTofficiel\" \/>\n<meta property=\"article:modified_time\" content=\"2026-02-12T08:18:23+00:00\" \/>\n<meta name=\"twitter:card\" content=\"summary_large_image\" \/>\n<meta name=\"twitter:label1\" content=\"Dur\u00e9e de lecture estim\u00e9e\" \/>\n\t<meta name=\"twitter:data1\" content=\"5 minutes\" \/>\n<script type=\"application\/ld+json\" class=\"yoast-schema-graph\">{\"@context\":\"https:\/\/schema.org\",\"@graph\":[{\"@type\":\"WebPage\",\"@id\":\"https:\/\/aftt.be\/index.php\/discipline\/\",\"url\":\"https:\/\/aftt.be\/index.php\/discipline\/\",\"name\":\"Discipline - AFTT\",\"isPartOf\":{\"@id\":\"https:\/\/aftt.be\/#website\"},\"datePublished\":\"2025-05-15T11:23:08+00:00\",\"dateModified\":\"2026-02-12T08:18:23+00:00\",\"breadcrumb\":{\"@id\":\"https:\/\/aftt.be\/index.php\/discipline\/#breadcrumb\"},\"inLanguage\":\"fr-FR\",\"potentialAction\":[{\"@type\":\"ReadAction\",\"target\":[\"https:\/\/aftt.be\/index.php\/discipline\/\"]}]},{\"@type\":\"BreadcrumbList\",\"@id\":\"https:\/\/aftt.be\/index.php\/discipline\/#breadcrumb\",\"itemListElement\":[{\"@type\":\"ListItem\",\"position\":1,\"name\":\"Accueil\",\"item\":\"https:\/\/aftt.be\/\"},{\"@type\":\"ListItem\",\"position\":2,\"name\":\"Discipline\"}]},{\"@type\":\"WebSite\",\"@id\":\"https:\/\/aftt.be\/#website\",\"url\":\"https:\/\/aftt.be\/\",\"name\":\"AFTT\",\"description\":\"\",\"publisher\":{\"@id\":\"https:\/\/aftt.be\/#organization\"},\"potentialAction\":[{\"@type\":\"SearchAction\",\"target\":{\"@type\":\"EntryPoint\",\"urlTemplate\":\"https:\/\/aftt.be\/?s={search_term_string}\"},\"query-input\":{\"@type\":\"PropertyValueSpecification\",\"valueRequired\":true,\"valueName\":\"search_term_string\"}}],\"inLanguage\":\"fr-FR\"},{\"@type\":\"Organization\",\"@id\":\"https:\/\/aftt.be\/#organization\",\"name\":\"AFTT\",\"url\":\"https:\/\/aftt.be\/\",\"logo\":{\"@type\":\"ImageObject\",\"inLanguage\":\"fr-FR\",\"@id\":\"https:\/\/aftt.be\/#\/schema\/logo\/image\/\",\"url\":\"https:\/\/aftt.be\/wp-content\/uploads\/2024\/12\/AFTT-150x150-1.png\",\"contentUrl\":\"https:\/\/aftt.be\/wp-content\/uploads\/2024\/12\/AFTT-150x150-1.png\",\"width\":150,\"height\":150,\"caption\":\"AFTT\"},\"image\":{\"@id\":\"https:\/\/aftt.be\/#\/schema\/logo\/image\/\"},\"sameAs\":[\"https:\/\/www.facebook.com\/AFTTofficiel\"]}]}<\/script>\n<!-- \/ Yoast SEO plugin. -->","yoast_head_json":{"title":"Discipline - AFTT","robots":{"index":"index","follow":"follow","max-snippet":"max-snippet:-1","max-image-preview":"max-image-preview:large","max-video-preview":"max-video-preview:-1"},"canonical":"https:\/\/aftt.be\/index.php\/discipline\/","og_locale":"fr_FR","og_type":"article","og_title":"Discipline - AFTT","og_description":"Voici la liste des sanctions disciplinaires : \u00a010\/03\/2025Anthony Savoca :\u00a0\u00abretrait imm\u00e9diat de la liste de forces du club H387-Ping Pong Club Pecq et perte du droit de jouer en double appartenance pour la saison 2025-2026\u00bb\u00a0Tayeb Ourahmoune :\u00a0\u00abretrait imm\u00e9diat de la liste de forces du club H290-Palette Bon-Secours et perte du droit de jouer en double ... Lire la suite","og_url":"https:\/\/aftt.be\/index.php\/discipline\/","og_site_name":"AFTT","article_publisher":"https:\/\/www.facebook.com\/AFTTofficiel","article_modified_time":"2026-02-12T08:18:23+00:00","twitter_card":"summary_large_image","twitter_misc":{"Dur\u00e9e de lecture estim\u00e9e":"5 minutes"},"schema":{"@context":"https:\/\/schema.org","@graph":[{"@type":"WebPage","@id":"https:\/\/aftt.be\/index.php\/discipline\/","url":"https:\/\/aftt.be\/index.php\/discipline\/","name":"Discipline - AFTT","isPartOf":{"@id":"https:\/\/aftt.be\/#website"},"datePublished":"2025-05-15T11:23:08+00:00","dateModified":"2026-02-12T08:18:23+00:00","breadcrumb":{"@id":"https:\/\/aftt.be\/index.php\/discipline\/#breadcrumb"},"inLanguage":"fr-FR","potentialAction":[{"@type":"ReadAction","target":["https:\/\/aftt.be\/index.php\/discipline\/"]}]},{"@type":"BreadcrumbList","@id":"https:\/\/aftt.be\/index.php\/discipline\/#breadcrumb","itemListElement":[{"@type":"ListItem","position":1,"name":"Accueil","item":"https:\/\/aftt.be\/"},{"@type":"ListItem","position":2,"name":"Discipline"}]},{"@type":"WebSite","@id":"https:\/\/aftt.be\/#website","url":"https:\/\/aftt.be\/","name":"AFTT","description":"","publisher":{"@id":"https:\/\/aftt.be\/#organization"},"potentialAction":[{"@type":"SearchAction","target":{"@type":"EntryPoint","urlTemplate":"https:\/\/aftt.be\/?s={search_term_string}"},"query-input":{"@type":"PropertyValueSpecification","valueRequired":true,"valueName":"search_term_string"}}],"inLanguage":"fr-FR"},{"@type":"Organization","@id":"https:\/\/aftt.be\/#organization","name":"AFTT","url":"https:\/\/aftt.be\/","logo":{"@type":"ImageObject","inLanguage":"fr-FR","@id":"https:\/\/aftt.be\/#\/schema\/logo\/image\/","url":"https:\/\/aftt.be\/wp-content\/uploads\/2024\/12\/AFTT-150x150-1.png","contentUrl":"https:\/\/aftt.be\/wp-content\/uploads\/2024\/12\/AFTT-150x150-1.png","width":150,"height":150,"caption":"AFTT"},"image":{"@id":"https:\/\/aftt.be\/#\/schema\/logo\/image\/"},"sameAs":["https:\/\/www.facebook.com\/AFTTofficiel"]}]}},"_links":{"self":[{"href":"https:\/\/aftt.be\/index.php\/wp-json\/wp\/v2\/pages\/5620","targetHints":{"allow":["GET"]}}],"collection":[{"href":"https:\/\/aftt.be\/index.php\/wp-json\/wp\/v2\/pages"}],"about":[{"href":"https:\/\/aftt.be\/index.php\/wp-json\/wp\/v2\/types\/page"}],"author":[{"embeddable":true,"href":"https:\/\/aftt.be\/index.php\/wp-json\/wp\/v2\/users\/1"}],"replies":[{"embeddable":true,"href":"https:\/\/aftt.be\/index.php\/wp-json\/wp\/v2\/comments?post=5620"}],"version-history":[{"count":22,"href":"https:\/\/aftt.be\/index.php\/wp-json\/wp\/v2\/pages\/5620\/revisions"}],"predecessor-version":[{"id":18028,"href":"https:\/\/aftt.be\/index.php\/wp-json\/wp\/v2\/pages\/5620\/revisions\/18028"}],"wp:attachment":[{"href":"https:\/\/aftt.be\/index.php\/wp-json\/wp\/v2\/media?parent=5620"}],"curies":[{"name":"wp","href":"https:\/\/api.w.org\/{rel}","templated":true}]}}