{"id":2315,"date":"2025-01-16T13:50:59","date_gmt":"2025-01-16T13:50:59","guid":{"rendered":"https:\/\/aftt.be\/?page_id=2315"},"modified":"2025-01-16T13:50:59","modified_gmt":"2025-01-16T13:50:59","slug":"stage-etudiant","status":"publish","type":"page","link":"https:\/\/aftt.be\/index.php\/stage-etudiant\/","title":{"rendered":"Stage \u00e9tudiant"},"content":{"rendered":"\n<p>L&#8217;AFTT accueille r\u00e9guli\u00e8rement des \u00e9tudiants en stage, principalement dans les domaines de la communication et de l&#8217;informatique. Si vous \u00eates int\u00e9ress\u00e9(e) par une exp\u00e9rience enrichissante au sein de notre f\u00e9d\u00e9ration, nous vous invitons \u00e0 soumettre votre candidature.<\/p>\n\n\n\n<p>Merci d\u2019envoyer votre candidature compl\u00e8te \u00e0 Mathieu Jasinski \u00e0 l\u2019adresse suivante : <strong><a>mathieu.jasinski@aftt.be<\/a><\/strong>.<\/p>\n\n\n\n<p>Votre dossier doit inclure :<\/p>\n\n\n\n<ul class=\"wp-block-list\">\n<li>Un <strong>CV actualis\u00e9<\/strong>,<\/li>\n\n\n\n<li>Une <strong>lettre de motivation personnalis\u00e9e<\/strong>,<\/li>\n\n\n\n<li>La <strong>brochure de l\u2019\u00e9cole<\/strong> d\u00e9taillant les conditions et attentes li\u00e9es au stage.<\/li>\n<\/ul>\n\n\n\n<p>Nous avons h\u00e2te de d\u00e9couvrir votre profil et de vous accueillir dans notre \u00e9quipe !<\/p>\n","protected":false},"excerpt":{"rendered":"<p>L&#8217;AFTT accueille r\u00e9guli\u00e8rement des \u00e9tudiants en stage, principalement dans les domaines de la communication et de l&#8217;informatique. Si vous \u00eates int\u00e9ress\u00e9(e) par une exp\u00e9rience enrichissante au sein de notre f\u00e9d\u00e9ration, nous vous invitons \u00e0 soumettre votre candidature. Merci d\u2019envoyer votre candidature compl\u00e8te \u00e0 Mathieu Jasinski \u00e0 l\u2019adresse suivante : mathieu.jasinski@aftt.be. Votre dossier doit inclure : &#8230; <a title=\"Stage \u00e9tudiant\" class=\"read-more\" href=\"https:\/\/aftt.be\/index.php\/stage-etudiant\/\" aria-label=\"En savoir plus sur Stage \u00e9tudiant\">Lire la suite<\/a><\/p>\n","protected":false},"author":1,"featured_media":0,"parent":0,"menu_order":0,"comment_status":"closed","ping_status":"closed","template":"","meta":{"footnotes":""},"class_list":["post-2315","page","type-page","status-publish"],"yoast_head":"<!-- This site is optimized with the Yoast SEO plugin v26.2 - https:\/\/yoast.com\/wordpress\/plugins\/seo\/ -->\n<title>Stage \u00e9tudiant - AFTT<\/title>\n<meta name=\"robots\" content=\"index, follow, max-snippet:-1, max-image-preview:large, max-video-preview:-1\" \/>\n<link rel=\"canonical\" href=\"https:\/\/aftt.be\/index.php\/stage-etudiant\/\" \/>\n<meta property=\"og:locale\" content=\"fr_FR\" \/>\n<meta property=\"og:type\" content=\"article\" \/>\n<meta property=\"og:title\" content=\"Stage \u00e9tudiant - AFTT\" \/>\n<meta property=\"og:description\" content=\"L&#8217;AFTT accueille r\u00e9guli\u00e8rement des \u00e9tudiants en stage, principalement dans les domaines de la communication et de l&#8217;informatique. Si vous \u00eates int\u00e9ress\u00e9(e) par une exp\u00e9rience enrichissante au sein de notre f\u00e9d\u00e9ration, nous vous invitons \u00e0 soumettre votre candidature. Merci d\u2019envoyer votre candidature compl\u00e8te \u00e0 Mathieu Jasinski \u00e0 l\u2019adresse suivante : mathieu.jasinski@aftt.be. Votre dossier doit inclure : ... Lire la suite\" \/>\n<meta property=\"og:url\" content=\"https:\/\/aftt.be\/index.php\/stage-etudiant\/\" \/>\n<meta property=\"og:site_name\" content=\"AFTT\" \/>\n<meta property=\"article:publisher\" content=\"https:\/\/www.facebook.com\/AFTTofficiel\" \/>\n<meta name=\"twitter:card\" content=\"summary_large_image\" \/>\n<meta name=\"twitter:label1\" content=\"Dur\u00e9e de lecture estim\u00e9e\" \/>\n\t<meta name=\"twitter:data1\" content=\"1 minute\" \/>\n<script type=\"application\/ld+json\" class=\"yoast-schema-graph\">{\"@context\":\"https:\/\/schema.org\",\"@graph\":[{\"@type\":\"WebPage\",\"@id\":\"https:\/\/aftt.be\/index.php\/stage-etudiant\/\",\"url\":\"https:\/\/aftt.be\/index.php\/stage-etudiant\/\",\"name\":\"Stage \u00e9tudiant - AFTT\",\"isPartOf\":{\"@id\":\"https:\/\/aftt.be\/#website\"},\"datePublished\":\"2025-01-16T13:50:59+00:00\",\"breadcrumb\":{\"@id\":\"https:\/\/aftt.be\/index.php\/stage-etudiant\/#breadcrumb\"},\"inLanguage\":\"fr-FR\",\"potentialAction\":[{\"@type\":\"ReadAction\",\"target\":[\"https:\/\/aftt.be\/index.php\/stage-etudiant\/\"]}]},{\"@type\":\"BreadcrumbList\",\"@id\":\"https:\/\/aftt.be\/index.php\/stage-etudiant\/#breadcrumb\",\"itemListElement\":[{\"@type\":\"ListItem\",\"position\":1,\"name\":\"Accueil\",\"item\":\"https:\/\/aftt.be\/\"},{\"@type\":\"ListItem\",\"position\":2,\"name\":\"Stage \u00e9tudiant\"}]},{\"@type\":\"WebSite\",\"@id\":\"https:\/\/aftt.be\/#website\",\"url\":\"https:\/\/aftt.be\/\",\"name\":\"AFTT\",\"description\":\"\",\"publisher\":{\"@id\":\"https:\/\/aftt.be\/#organization\"},\"potentialAction\":[{\"@type\":\"SearchAction\",\"target\":{\"@type\":\"EntryPoint\",\"urlTemplate\":\"https:\/\/aftt.be\/?s={search_term_string}\"},\"query-input\":{\"@type\":\"PropertyValueSpecification\",\"valueRequired\":true,\"valueName\":\"search_term_string\"}}],\"inLanguage\":\"fr-FR\"},{\"@type\":\"Organization\",\"@id\":\"https:\/\/aftt.be\/#organization\",\"name\":\"AFTT\",\"url\":\"https:\/\/aftt.be\/\",\"logo\":{\"@type\":\"ImageObject\",\"inLanguage\":\"fr-FR\",\"@id\":\"https:\/\/aftt.be\/#\/schema\/logo\/image\/\",\"url\":\"https:\/\/aftt.be\/wp-content\/uploads\/2024\/12\/AFTT-150x150-1.png\",\"contentUrl\":\"https:\/\/aftt.be\/wp-content\/uploads\/2024\/12\/AFTT-150x150-1.png\",\"width\":150,\"height\":150,\"caption\":\"AFTT\"},\"image\":{\"@id\":\"https:\/\/aftt.be\/#\/schema\/logo\/image\/\"},\"sameAs\":[\"https:\/\/www.facebook.com\/AFTTofficiel\"]}]}<\/script>\n<!-- \/ Yoast SEO plugin. -->","yoast_head_json":{"title":"Stage \u00e9tudiant - AFTT","robots":{"index":"index","follow":"follow","max-snippet":"max-snippet:-1","max-image-preview":"max-image-preview:large","max-video-preview":"max-video-preview:-1"},"canonical":"https:\/\/aftt.be\/index.php\/stage-etudiant\/","og_locale":"fr_FR","og_type":"article","og_title":"Stage \u00e9tudiant - AFTT","og_description":"L&#8217;AFTT accueille r\u00e9guli\u00e8rement des \u00e9tudiants en stage, principalement dans les domaines de la communication et de l&#8217;informatique. Si vous \u00eates int\u00e9ress\u00e9(e) par une exp\u00e9rience enrichissante au sein de notre f\u00e9d\u00e9ration, nous vous invitons \u00e0 soumettre votre candidature. Merci d\u2019envoyer votre candidature compl\u00e8te \u00e0 Mathieu Jasinski \u00e0 l\u2019adresse suivante : mathieu.jasinski@aftt.be. Votre dossier doit inclure : ... Lire la suite","og_url":"https:\/\/aftt.be\/index.php\/stage-etudiant\/","og_site_name":"AFTT","article_publisher":"https:\/\/www.facebook.com\/AFTTofficiel","twitter_card":"summary_large_image","twitter_misc":{"Dur\u00e9e de lecture estim\u00e9e":"1 minute"},"schema":{"@context":"https:\/\/schema.org","@graph":[{"@type":"WebPage","@id":"https:\/\/aftt.be\/index.php\/stage-etudiant\/","url":"https:\/\/aftt.be\/index.php\/stage-etudiant\/","name":"Stage \u00e9tudiant - AFTT","isPartOf":{"@id":"https:\/\/aftt.be\/#website"},"datePublished":"2025-01-16T13:50:59+00:00","breadcrumb":{"@id":"https:\/\/aftt.be\/index.php\/stage-etudiant\/#breadcrumb"},"inLanguage":"fr-FR","potentialAction":[{"@type":"ReadAction","target":["https:\/\/aftt.be\/index.php\/stage-etudiant\/"]}]},{"@type":"BreadcrumbList","@id":"https:\/\/aftt.be\/index.php\/stage-etudiant\/#breadcrumb","itemListElement":[{"@type":"ListItem","position":1,"name":"Accueil","item":"https:\/\/aftt.be\/"},{"@type":"ListItem","position":2,"name":"Stage \u00e9tudiant"}]},{"@type":"WebSite","@id":"https:\/\/aftt.be\/#website","url":"https:\/\/aftt.be\/","name":"AFTT","description":"","publisher":{"@id":"https:\/\/aftt.be\/#organization"},"potentialAction":[{"@type":"SearchAction","target":{"@type":"EntryPoint","urlTemplate":"https:\/\/aftt.be\/?s={search_term_string}"},"query-input":{"@type":"PropertyValueSpecification","valueRequired":true,"valueName":"search_term_string"}}],"inLanguage":"fr-FR"},{"@type":"Organization","@id":"https:\/\/aftt.be\/#organization","name":"AFTT","url":"https:\/\/aftt.be\/","logo":{"@type":"ImageObject","inLanguage":"fr-FR","@id":"https:\/\/aftt.be\/#\/schema\/logo\/image\/","url":"https:\/\/aftt.be\/wp-content\/uploads\/2024\/12\/AFTT-150x150-1.png","contentUrl":"https:\/\/aftt.be\/wp-content\/uploads\/2024\/12\/AFTT-150x150-1.png","width":150,"height":150,"caption":"AFTT"},"image":{"@id":"https:\/\/aftt.be\/#\/schema\/logo\/image\/"},"sameAs":["https:\/\/www.facebook.com\/AFTTofficiel"]}]}},"_links":{"self":[{"href":"https:\/\/aftt.be\/index.php\/wp-json\/wp\/v2\/pages\/2315","targetHints":{"allow":["GET"]}}],"collection":[{"href":"https:\/\/aftt.be\/index.php\/wp-json\/wp\/v2\/pages"}],"about":[{"href":"https:\/\/aftt.be\/index.php\/wp-json\/wp\/v2\/types\/page"}],"author":[{"embeddable":true,"href":"https:\/\/aftt.be\/index.php\/wp-json\/wp\/v2\/users\/1"}],"replies":[{"embeddable":true,"href":"https:\/\/aftt.be\/index.php\/wp-json\/wp\/v2\/comments?post=2315"}],"version-history":[{"count":2,"href":"https:\/\/aftt.be\/index.php\/wp-json\/wp\/v2\/pages\/2315\/revisions"}],"predecessor-version":[{"id":2317,"href":"https:\/\/aftt.be\/index.php\/wp-json\/wp\/v2\/pages\/2315\/revisions\/2317"}],"wp:attachment":[{"href":"https:\/\/aftt.be\/index.php\/wp-json\/wp\/v2\/media?parent=2315"}],"curies":[{"name":"wp","href":"https:\/\/api.w.org\/{rel}","templated":true}]}}