{"id":2288,"date":"2025-01-16T08:27:15","date_gmt":"2025-01-16T08:27:15","guid":{"rendered":"https:\/\/aftt.be\/?page_id=2288"},"modified":"2025-10-20T10:34:30","modified_gmt":"2025-10-20T10:34:30","slug":"comment-devenir-juge-arbitre","status":"publish","type":"page","link":"https:\/\/aftt.be\/index.php\/comment-devenir-juge-arbitre\/","title":{"rendered":"Comment devenir Juge-Arbitre"},"content":{"rendered":"\t\t<div data-elementor-type=\"wp-page\" data-elementor-id=\"2288\" class=\"elementor elementor-2288\" data-elementor-post-type=\"page\">\n\t\t\t\t<div class=\"elementor-element elementor-element-8a9404c e-flex e-con-boxed e-con e-parent\" data-id=\"8a9404c\" data-element_type=\"container\">\n\t\t\t\t\t<div class=\"e-con-inner\">\n\t\t\t\t<div class=\"elementor-element elementor-element-e1913c8 elementor-widget elementor-widget-text-editor\" data-id=\"e1913c8\" data-element_type=\"widget\" data-widget_type=\"text-editor.default\">\n\t\t\t\t<div class=\"elementor-widget-container\">\n\t\t\t\t\t\t\t\t\t\n<p>Le r\u00f4le de Juge-Arbitre (JA) est une fonction cl\u00e9 qui requiert une expertise approfondie en arbitrage et en gestion des comp\u00e9titions. Voici les \u00e9tapes pour acc\u00e9der \u00e0 cette position :<\/p>\n<p><strong>Avoir au minimum 18 ans accomplis<\/strong><\/p>\n\n<ol class=\"wp-block-list\">\n<li><strong>Niveau R\u00e9gional :<\/strong>\n<ul class=\"wp-block-list\">\n<li><strong>Pr\u00e9requis :<\/strong> \u00catre arbitre officiel (provincial avec minimum un an d&#8217;exp\u00e9rience, r\u00e9gional ou national) est obligatoire pour suivre cette formation.<\/li>\n\n<li><strong>Formation :<\/strong>\n<ul class=\"wp-block-list\">\n<li>Th\u00e9orie : \u00c9laboration des poules, gestion des tableaux \u00e0 \u00e9limination directe (TED), r\u00e8gles de calcul en cas d\u2019\u00e9galit\u00e9, priorit\u00e9s, et responsabilit\u00e9s sp\u00e9cifiques. Un module sur le programme informatique est \u00e9galement inclus.<\/li>\n\n<li>Pratique : Mise en situation lors de comp\u00e9titions, sous la supervision des responsables provinciaux.<\/li>\n<\/ul>\n<\/li>\n\n<li><strong>\u00c9valuation :<\/strong> Test th\u00e9orique avec un seuil de r\u00e9ussite fix\u00e9 \u00e0 75\/100 et une \u00e9valuation pratique en province.<\/li>\n<\/ul>\n<\/li>\n\n<li><strong>Niveau National :<\/strong>\n<ul class=\"wp-block-list\">\n<li><strong>Progression :<\/strong> Les juges-arbitres r\u00e9gionaux impliqu\u00e9s dans les comp\u00e9titions nationales peuvent \u00eatre \u00e9valu\u00e9s par la CCA. Aucune \u00e9valuation th\u00e9orique n\u2019est pr\u00e9vue \u00e0 ce stade, les comp\u00e9tences pratiques \u00e9tant privil\u00e9gi\u00e9es.<\/li>\n\n<li><strong>Validation :<\/strong> Les performances sur le terrain sont d\u00e9terminantes pour obtenir ce niveau.<\/li>\n<\/ul>\n<\/li>\n<\/ol>\n\n<p>Le Juge-Arbitre joue un r\u00f4le fondamental en tant que coordinateur des arbitres, garantissant le bon d\u00e9roulement des comp\u00e9titions et tranchant les situations complexes. En acc\u00e9dant \u00e0 ce niveau, vous contribuez de mani\u00e8re d\u00e9cisive lors des \u00e9v\u00e9nements sportifs.<\/p>\n\t\t\t\t\t\t\t\t<\/div>\n\t\t\t\t<\/div>\n\t\t\t\t\t<\/div>\n\t\t\t\t<\/div>\n\t\t<div class=\"elementor-element elementor-element-fd07e79 e-flex e-con-boxed e-con e-parent\" data-id=\"fd07e79\" data-element_type=\"container\">\n\t\t\t\t\t<div class=\"e-con-inner\">\n\t\t\t\t<div class=\"elementor-element elementor-element-01b68ca elementor-widget elementor-widget-heading\" data-id=\"01b68ca\" data-element_type=\"widget\" data-widget_type=\"heading.default\">\n\t\t\t\t<div class=\"elementor-widget-container\">\n\t\t\t\t\t<h2 class=\"elementor-heading-title elementor-size-default\">Responsables arbitrage<\/h2>\t\t\t\t<\/div>\n\t\t\t\t<\/div>\n\t\t\t\t\t<\/div>\n\t\t\t\t<\/div>\n\t\t<div class=\"elementor-element elementor-element-9b88dd7 e-flex e-con-boxed e-con e-parent\" data-id=\"9b88dd7\" data-element_type=\"container\">\n\t\t\t\t\t<div class=\"e-con-inner\">\n\t\t<div class=\"elementor-element elementor-element-3f9aca6 e-con-full e-flex e-con e-child\" data-id=\"3f9aca6\" data-element_type=\"container\" data-settings=\"{&quot;background_background&quot;:&quot;classic&quot;,&quot;animation&quot;:&quot;none&quot;}\">\n\t\t\t\t<div class=\"elementor-element elementor-element-694812c elementor-widget elementor-widget-image\" data-id=\"694812c\" data-element_type=\"widget\" data-widget_type=\"image.default\">\n\t\t\t\t<div class=\"elementor-widget-container\">\n\t\t\t\t\t\t\t\t\t\t\t\t\t\t\t<img fetchpriority=\"high\" decoding=\"async\" width=\"954\" height=\"1024\" src=\"https:\/\/aftt.be\/wp-content\/uploads\/2025\/10\/1664698211093-954x1024.jpg\" class=\"attachment-large size-large wp-image-14098\" alt=\"\" srcset=\"https:\/\/aftt.be\/wp-content\/uploads\/2025\/10\/1664698211093-954x1024.jpg 954w, https:\/\/aftt.be\/wp-content\/uploads\/2025\/10\/1664698211093-279x300.jpg 279w, https:\/\/aftt.be\/wp-content\/uploads\/2025\/10\/1664698211093-768x825.jpg 768w, https:\/\/aftt.be\/wp-content\/uploads\/2025\/10\/1664698211093-750x805.jpg 750w, https:\/\/aftt.be\/wp-content\/uploads\/2025\/10\/1664698211093-1140x1224.jpg 1140w, https:\/\/aftt.be\/wp-content\/uploads\/2025\/10\/1664698211093.jpg 1154w\" sizes=\"(max-width: 900px) 100vw, 900px\" \/>\t\t\t\t\t\t\t\t\t\t\t\t\t\t\t<\/div>\n\t\t\t\t<\/div>\n\t\t\t\t<div class=\"elementor-element elementor-element-1dab8c9 elementor-widget elementor-widget-heading\" data-id=\"1dab8c9\" data-element_type=\"widget\" data-widget_type=\"heading.default\">\n\t\t\t\t<div class=\"elementor-widget-container\">\n\t\t\t\t\t<h3 class=\"elementor-heading-title elementor-size-default\">Daniel Jeanfils<\/h3>\t\t\t\t<\/div>\n\t\t\t\t<\/div>\n\t\t\t\t<div class=\"elementor-element elementor-element-0ef60ea elementor-widget elementor-widget-heading\" data-id=\"0ef60ea\" data-element_type=\"widget\" data-widget_type=\"heading.default\">\n\t\t\t\t<div class=\"elementor-widget-container\">\n\t\t\t\t\t<h4 class=\"elementor-heading-title elementor-size-default\">Responsable Francophone<\/h4>\t\t\t\t<\/div>\n\t\t\t\t<\/div>\n\t\t\t\t<\/div>\n\t\t<div class=\"elementor-element elementor-element-894e7a7 e-con-full e-flex e-con e-child\" data-id=\"894e7a7\" data-element_type=\"container\" data-settings=\"{&quot;background_background&quot;:&quot;classic&quot;,&quot;animation&quot;:&quot;none&quot;}\">\n\t\t\t\t<div class=\"elementor-element elementor-element-29ea443 elementor-widget elementor-widget-image\" data-id=\"29ea443\" data-element_type=\"widget\" data-widget_type=\"image.default\">\n\t\t\t\t<div class=\"elementor-widget-container\">\n\t\t\t\t\t\t\t\t\t\t\t\t\t\t\t<img decoding=\"async\" width=\"500\" height=\"500\" src=\"https:\/\/aftt.be\/wp-content\/uploads\/2025\/01\/1-3.png\" class=\"attachment-large size-large wp-image-2294\" alt=\"\" srcset=\"https:\/\/aftt.be\/wp-content\/uploads\/2025\/01\/1-3.png 500w, https:\/\/aftt.be\/wp-content\/uploads\/2025\/01\/1-3-150x150.png 150w, https:\/\/aftt.be\/wp-content\/uploads\/2025\/01\/1-3-300x300.png 300w, https:\/\/aftt.be\/wp-content\/uploads\/2025\/01\/1-3-75x75.png 75w\" sizes=\"(max-width: 500px) 100vw, 500px\" \/>\t\t\t\t\t\t\t\t\t\t\t\t\t\t\t<\/div>\n\t\t\t\t<\/div>\n\t\t\t\t<div class=\"elementor-element elementor-element-755b7db elementor-widget elementor-widget-heading\" data-id=\"755b7db\" data-element_type=\"widget\" data-widget_type=\"heading.default\">\n\t\t\t\t<div class=\"elementor-widget-container\">\n\t\t\t\t\t<h3 class=\"elementor-heading-title elementor-size-default\">Felix Dandois<\/h3>\t\t\t\t<\/div>\n\t\t\t\t<\/div>\n\t\t\t\t<div class=\"elementor-element elementor-element-6434f76 elementor-widget elementor-widget-heading\" data-id=\"6434f76\" data-element_type=\"widget\" data-widget_type=\"heading.default\">\n\t\t\t\t<div class=\"elementor-widget-container\">\n\t\t\t\t\t<h4 class=\"elementor-heading-title elementor-size-default\">Responsable BBW<\/h4>\t\t\t\t<\/div>\n\t\t\t\t<\/div>\n\t\t\t\t<\/div>\n\t\t<div class=\"elementor-element elementor-element-cc57661 e-con-full e-flex e-con e-child\" data-id=\"cc57661\" data-element_type=\"container\" data-settings=\"{&quot;background_background&quot;:&quot;classic&quot;,&quot;animation&quot;:&quot;none&quot;}\">\n\t\t\t\t<div class=\"elementor-element elementor-element-179d529 elementor-widget elementor-widget-image\" data-id=\"179d529\" data-element_type=\"widget\" data-widget_type=\"image.default\">\n\t\t\t\t<div class=\"elementor-widget-container\">\n\t\t\t\t\t\t\t\t\t\t\t\t\t\t\t<img decoding=\"async\" width=\"500\" height=\"500\" src=\"https:\/\/aftt.be\/wp-content\/uploads\/2025\/01\/3-3.png\" class=\"attachment-large size-large wp-image-2296\" alt=\"\" srcset=\"https:\/\/aftt.be\/wp-content\/uploads\/2025\/01\/3-3.png 500w, https:\/\/aftt.be\/wp-content\/uploads\/2025\/01\/3-3-150x150.png 150w, https:\/\/aftt.be\/wp-content\/uploads\/2025\/01\/3-3-300x300.png 300w, https:\/\/aftt.be\/wp-content\/uploads\/2025\/01\/3-3-75x75.png 75w\" sizes=\"(max-width: 500px) 100vw, 500px\" \/>\t\t\t\t\t\t\t\t\t\t\t\t\t\t\t<\/div>\n\t\t\t\t<\/div>\n\t\t\t\t<div class=\"elementor-element elementor-element-3c0142d elementor-widget elementor-widget-heading\" data-id=\"3c0142d\" data-element_type=\"widget\" data-widget_type=\"heading.default\">\n\t\t\t\t<div class=\"elementor-widget-container\">\n\t\t\t\t\t<h3 class=\"elementor-heading-title elementor-size-default\">Andr\u00e9 Mahieu<\/h3>\t\t\t\t<\/div>\n\t\t\t\t<\/div>\n\t\t\t\t<div class=\"elementor-element elementor-element-52bc32c elementor-widget elementor-widget-heading\" data-id=\"52bc32c\" data-element_type=\"widget\" data-widget_type=\"heading.default\">\n\t\t\t\t<div class=\"elementor-widget-container\">\n\t\t\t\t\t<h4 class=\"elementor-heading-title elementor-size-default\">Responsable Hainaut<\/h4>\t\t\t\t<\/div>\n\t\t\t\t<\/div>\n\t\t\t\t<\/div>\n\t\t<div class=\"elementor-element elementor-element-063fc76 e-con-full e-flex e-con e-child\" data-id=\"063fc76\" data-element_type=\"container\" data-settings=\"{&quot;background_background&quot;:&quot;classic&quot;,&quot;animation&quot;:&quot;none&quot;}\">\n\t\t\t\t<div class=\"elementor-element elementor-element-5795929 elementor-widget elementor-widget-image\" data-id=\"5795929\" data-element_type=\"widget\" data-widget_type=\"image.default\">\n\t\t\t\t<div class=\"elementor-widget-container\">\n\t\t\t\t\t\t\t\t\t\t\t\t\t\t\t<img loading=\"lazy\" decoding=\"async\" width=\"500\" height=\"500\" src=\"https:\/\/aftt.be\/wp-content\/uploads\/2025\/01\/3-2.png\" class=\"attachment-large size-large wp-image-1886\" alt=\"\" srcset=\"https:\/\/aftt.be\/wp-content\/uploads\/2025\/01\/3-2.png 500w, https:\/\/aftt.be\/wp-content\/uploads\/2025\/01\/3-2-150x150.png 150w, https:\/\/aftt.be\/wp-content\/uploads\/2025\/01\/3-2-300x300.png 300w, https:\/\/aftt.be\/wp-content\/uploads\/2025\/01\/3-2-75x75.png 75w\" sizes=\"(max-width: 500px) 100vw, 500px\" \/>\t\t\t\t\t\t\t\t\t\t\t\t\t\t\t<\/div>\n\t\t\t\t<\/div>\n\t\t\t\t<div class=\"elementor-element elementor-element-032c5c0 elementor-widget elementor-widget-heading\" data-id=\"032c5c0\" data-element_type=\"widget\" data-widget_type=\"heading.default\">\n\t\t\t\t<div class=\"elementor-widget-container\">\n\t\t\t\t\t<h3 class=\"elementor-heading-title elementor-size-default\">Didier Maurage<\/h3>\t\t\t\t<\/div>\n\t\t\t\t<\/div>\n\t\t\t\t<div class=\"elementor-element elementor-element-62dad27 elementor-widget elementor-widget-heading\" data-id=\"62dad27\" data-element_type=\"widget\" data-widget_type=\"heading.default\">\n\t\t\t\t<div class=\"elementor-widget-container\">\n\t\t\t\t\t<h4 class=\"elementor-heading-title elementor-size-default\">Responsable Li\u00e8ge<\/h4>\t\t\t\t<\/div>\n\t\t\t\t<\/div>\n\t\t\t\t<\/div>\n\t\t<div class=\"elementor-element elementor-element-61232f8 e-flex e-con-boxed e-con e-child\" data-id=\"61232f8\" data-element_type=\"container\" data-settings=\"{&quot;background_background&quot;:&quot;classic&quot;,&quot;animation&quot;:&quot;none&quot;}\">\n\t\t\t\t\t<div class=\"e-con-inner\">\n\t\t\t\t<div class=\"elementor-element elementor-element-3e393fb elementor-widget elementor-widget-image\" data-id=\"3e393fb\" data-element_type=\"widget\" data-widget_type=\"image.default\">\n\t\t\t\t<div class=\"elementor-widget-container\">\n\t\t\t\t\t\t\t\t\t\t\t\t\t\t\t<img fetchpriority=\"high\" decoding=\"async\" width=\"954\" height=\"1024\" src=\"https:\/\/aftt.be\/wp-content\/uploads\/2025\/10\/1664698211093-954x1024.jpg\" class=\"attachment-large size-large wp-image-14098\" alt=\"\" srcset=\"https:\/\/aftt.be\/wp-content\/uploads\/2025\/10\/1664698211093-954x1024.jpg 954w, https:\/\/aftt.be\/wp-content\/uploads\/2025\/10\/1664698211093-279x300.jpg 279w, https:\/\/aftt.be\/wp-content\/uploads\/2025\/10\/1664698211093-768x825.jpg 768w, https:\/\/aftt.be\/wp-content\/uploads\/2025\/10\/1664698211093-750x805.jpg 750w, https:\/\/aftt.be\/wp-content\/uploads\/2025\/10\/1664698211093-1140x1224.jpg 1140w, https:\/\/aftt.be\/wp-content\/uploads\/2025\/10\/1664698211093.jpg 1154w\" sizes=\"(max-width: 900px) 100vw, 900px\" \/>\t\t\t\t\t\t\t\t\t\t\t\t\t\t\t<\/div>\n\t\t\t\t<\/div>\n\t\t\t\t<div class=\"elementor-element elementor-element-1615080 elementor-widget elementor-widget-heading\" data-id=\"1615080\" data-element_type=\"widget\" data-widget_type=\"heading.default\">\n\t\t\t\t<div class=\"elementor-widget-container\">\n\t\t\t\t\t<h3 class=\"elementor-heading-title elementor-size-default\">Daniel Jeanfils<\/h3>\t\t\t\t<\/div>\n\t\t\t\t<\/div>\n\t\t\t\t<div class=\"elementor-element elementor-element-eef6734 elementor-widget elementor-widget-heading\" data-id=\"eef6734\" data-element_type=\"widget\" data-widget_type=\"heading.default\">\n\t\t\t\t<div class=\"elementor-widget-container\">\n\t\t\t\t\t<h4 class=\"elementor-heading-title elementor-size-default\">Responsable Luxembourg<\/h4>\t\t\t\t<\/div>\n\t\t\t\t<\/div>\n\t\t\t\t\t<\/div>\n\t\t\t\t<\/div>\n\t\t<div class=\"elementor-element elementor-element-d738386 e-flex e-con-boxed e-con e-child\" data-id=\"d738386\" data-element_type=\"container\" data-settings=\"{&quot;background_background&quot;:&quot;classic&quot;,&quot;animation&quot;:&quot;none&quot;}\">\n\t\t\t\t\t<div class=\"e-con-inner\">\n\t\t\t\t<div class=\"elementor-element elementor-element-9226ca0 elementor-widget elementor-widget-image\" data-id=\"9226ca0\" data-element_type=\"widget\" data-widget_type=\"image.default\">\n\t\t\t\t<div class=\"elementor-widget-container\">\n\t\t\t\t\t\t\t\t\t\t\t\t\t\t\t<img loading=\"lazy\" decoding=\"async\" width=\"500\" height=\"500\" src=\"https:\/\/aftt.be\/wp-content\/uploads\/2025\/01\/2-3.png\" class=\"attachment-large size-large wp-image-2295\" alt=\"\" srcset=\"https:\/\/aftt.be\/wp-content\/uploads\/2025\/01\/2-3.png 500w, https:\/\/aftt.be\/wp-content\/uploads\/2025\/01\/2-3-150x150.png 150w, https:\/\/aftt.be\/wp-content\/uploads\/2025\/01\/2-3-300x300.png 300w, https:\/\/aftt.be\/wp-content\/uploads\/2025\/01\/2-3-75x75.png 75w\" sizes=\"(max-width: 500px) 100vw, 500px\" \/>\t\t\t\t\t\t\t\t\t\t\t\t\t\t\t<\/div>\n\t\t\t\t<\/div>\n\t\t\t\t<div class=\"elementor-element elementor-element-e2adfc8 elementor-widget elementor-widget-heading\" data-id=\"e2adfc8\" data-element_type=\"widget\" data-widget_type=\"heading.default\">\n\t\t\t\t<div class=\"elementor-widget-container\">\n\t\t\t\t\t<h3 class=\"elementor-heading-title elementor-size-default\">Claire Folie<\/h3>\t\t\t\t<\/div>\n\t\t\t\t<\/div>\n\t\t\t\t<div class=\"elementor-element elementor-element-46de928 elementor-widget elementor-widget-heading\" data-id=\"46de928\" data-element_type=\"widget\" data-widget_type=\"heading.default\">\n\t\t\t\t<div class=\"elementor-widget-container\">\n\t\t\t\t\t<h4 class=\"elementor-heading-title elementor-size-default\">Responsable Namur<\/h4>\t\t\t\t<\/div>\n\t\t\t\t<\/div>\n\t\t\t\t\t<\/div>\n\t\t\t\t<\/div>\n\t\t\t\t\t<\/div>\n\t\t\t\t<\/div>\n\t\t\t\t<\/div>\n\t\t","protected":false},"excerpt":{"rendered":"<p>Le r\u00f4le de Juge-Arbitre (JA) est une fonction cl\u00e9 qui requiert une expertise approfondie en arbitrage et en gestion des comp\u00e9titions. Voici les \u00e9tapes pour acc\u00e9der \u00e0 cette position : Avoir au minimum 18 ans accomplis Le Juge-Arbitre joue un r\u00f4le fondamental en tant que coordinateur des arbitres, garantissant le bon d\u00e9roulement des comp\u00e9titions et &#8230; <a title=\"Comment devenir Juge-Arbitre\" class=\"read-more\" href=\"https:\/\/aftt.be\/index.php\/comment-devenir-juge-arbitre\/\" aria-label=\"En savoir plus sur Comment devenir Juge-Arbitre\">Lire la suite<\/a><\/p>\n","protected":false},"author":1,"featured_media":0,"parent":0,"menu_order":0,"comment_status":"closed","ping_status":"closed","template":"","meta":{"footnotes":""},"class_list":["post-2288","page","type-page","status-publish"],"yoast_head":"<!-- This site is optimized with the Yoast SEO plugin v26.2 - https:\/\/yoast.com\/wordpress\/plugins\/seo\/ -->\n<title>Comment devenir Juge-Arbitre - AFTT<\/title>\n<meta name=\"robots\" content=\"index, follow, max-snippet:-1, max-image-preview:large, max-video-preview:-1\" \/>\n<link rel=\"canonical\" href=\"https:\/\/aftt.be\/index.php\/comment-devenir-juge-arbitre\/\" \/>\n<meta property=\"og:locale\" content=\"fr_FR\" \/>\n<meta property=\"og:type\" content=\"article\" \/>\n<meta property=\"og:title\" content=\"Comment devenir Juge-Arbitre - AFTT\" \/>\n<meta property=\"og:description\" content=\"Le r\u00f4le de Juge-Arbitre (JA) est une fonction cl\u00e9 qui requiert une expertise approfondie en arbitrage et en gestion des comp\u00e9titions. Voici les \u00e9tapes pour acc\u00e9der \u00e0 cette position : Avoir au minimum 18 ans accomplis Le Juge-Arbitre joue un r\u00f4le fondamental en tant que coordinateur des arbitres, garantissant le bon d\u00e9roulement des comp\u00e9titions et ... Lire la suite\" \/>\n<meta property=\"og:url\" content=\"https:\/\/aftt.be\/index.php\/comment-devenir-juge-arbitre\/\" \/>\n<meta property=\"og:site_name\" content=\"AFTT\" \/>\n<meta property=\"article:publisher\" content=\"https:\/\/www.facebook.com\/AFTTofficiel\" \/>\n<meta property=\"article:modified_time\" content=\"2025-10-20T10:34:30+00:00\" \/>\n<meta property=\"og:image\" content=\"https:\/\/aftt.be\/wp-content\/uploads\/2025\/10\/1664698211093-954x1024.jpg\" \/>\n<meta name=\"twitter:card\" content=\"summary_large_image\" \/>\n<meta name=\"twitter:label1\" content=\"Dur\u00e9e de lecture estim\u00e9e\" \/>\n\t<meta name=\"twitter:data1\" content=\"3 minutes\" \/>\n<script type=\"application\/ld+json\" class=\"yoast-schema-graph\">{\"@context\":\"https:\/\/schema.org\",\"@graph\":[{\"@type\":\"WebPage\",\"@id\":\"https:\/\/aftt.be\/index.php\/comment-devenir-juge-arbitre\/\",\"url\":\"https:\/\/aftt.be\/index.php\/comment-devenir-juge-arbitre\/\",\"name\":\"Comment devenir Juge-Arbitre - AFTT\",\"isPartOf\":{\"@id\":\"https:\/\/aftt.be\/#website\"},\"primaryImageOfPage\":{\"@id\":\"https:\/\/aftt.be\/index.php\/comment-devenir-juge-arbitre\/#primaryimage\"},\"image\":{\"@id\":\"https:\/\/aftt.be\/index.php\/comment-devenir-juge-arbitre\/#primaryimage\"},\"thumbnailUrl\":\"https:\/\/aftt.be\/wp-content\/uploads\/2025\/10\/1664698211093-954x1024.jpg\",\"datePublished\":\"2025-01-16T08:27:15+00:00\",\"dateModified\":\"2025-10-20T10:34:30+00:00\",\"breadcrumb\":{\"@id\":\"https:\/\/aftt.be\/index.php\/comment-devenir-juge-arbitre\/#breadcrumb\"},\"inLanguage\":\"fr-FR\",\"potentialAction\":[{\"@type\":\"ReadAction\",\"target\":[\"https:\/\/aftt.be\/index.php\/comment-devenir-juge-arbitre\/\"]}]},{\"@type\":\"ImageObject\",\"inLanguage\":\"fr-FR\",\"@id\":\"https:\/\/aftt.be\/index.php\/comment-devenir-juge-arbitre\/#primaryimage\",\"url\":\"https:\/\/aftt.be\/wp-content\/uploads\/2025\/10\/1664698211093.jpg\",\"contentUrl\":\"https:\/\/aftt.be\/wp-content\/uploads\/2025\/10\/1664698211093.jpg\",\"width\":1154,\"height\":1239},{\"@type\":\"BreadcrumbList\",\"@id\":\"https:\/\/aftt.be\/index.php\/comment-devenir-juge-arbitre\/#breadcrumb\",\"itemListElement\":[{\"@type\":\"ListItem\",\"position\":1,\"name\":\"Accueil\",\"item\":\"https:\/\/aftt.be\/\"},{\"@type\":\"ListItem\",\"position\":2,\"name\":\"Comment devenir Juge-Arbitre\"}]},{\"@type\":\"WebSite\",\"@id\":\"https:\/\/aftt.be\/#website\",\"url\":\"https:\/\/aftt.be\/\",\"name\":\"AFTT\",\"description\":\"\",\"publisher\":{\"@id\":\"https:\/\/aftt.be\/#organization\"},\"potentialAction\":[{\"@type\":\"SearchAction\",\"target\":{\"@type\":\"EntryPoint\",\"urlTemplate\":\"https:\/\/aftt.be\/?s={search_term_string}\"},\"query-input\":{\"@type\":\"PropertyValueSpecification\",\"valueRequired\":true,\"valueName\":\"search_term_string\"}}],\"inLanguage\":\"fr-FR\"},{\"@type\":\"Organization\",\"@id\":\"https:\/\/aftt.be\/#organization\",\"name\":\"AFTT\",\"url\":\"https:\/\/aftt.be\/\",\"logo\":{\"@type\":\"ImageObject\",\"inLanguage\":\"fr-FR\",\"@id\":\"https:\/\/aftt.be\/#\/schema\/logo\/image\/\",\"url\":\"https:\/\/aftt.be\/wp-content\/uploads\/2024\/12\/AFTT-150x150-1.png\",\"contentUrl\":\"https:\/\/aftt.be\/wp-content\/uploads\/2024\/12\/AFTT-150x150-1.png\",\"width\":150,\"height\":150,\"caption\":\"AFTT\"},\"image\":{\"@id\":\"https:\/\/aftt.be\/#\/schema\/logo\/image\/\"},\"sameAs\":[\"https:\/\/www.facebook.com\/AFTTofficiel\"]}]}<\/script>\n<!-- \/ Yoast SEO plugin. -->","yoast_head_json":{"title":"Comment devenir Juge-Arbitre - AFTT","robots":{"index":"index","follow":"follow","max-snippet":"max-snippet:-1","max-image-preview":"max-image-preview:large","max-video-preview":"max-video-preview:-1"},"canonical":"https:\/\/aftt.be\/index.php\/comment-devenir-juge-arbitre\/","og_locale":"fr_FR","og_type":"article","og_title":"Comment devenir Juge-Arbitre - AFTT","og_description":"Le r\u00f4le de Juge-Arbitre (JA) est une fonction cl\u00e9 qui requiert une expertise approfondie en arbitrage et en gestion des comp\u00e9titions. Voici les \u00e9tapes pour acc\u00e9der \u00e0 cette position : Avoir au minimum 18 ans accomplis Le Juge-Arbitre joue un r\u00f4le fondamental en tant que coordinateur des arbitres, garantissant le bon d\u00e9roulement des comp\u00e9titions et ... Lire la suite","og_url":"https:\/\/aftt.be\/index.php\/comment-devenir-juge-arbitre\/","og_site_name":"AFTT","article_publisher":"https:\/\/www.facebook.com\/AFTTofficiel","article_modified_time":"2025-10-20T10:34:30+00:00","og_image":[{"url":"https:\/\/aftt.be\/wp-content\/uploads\/2025\/10\/1664698211093-954x1024.jpg","type":"","width":"","height":""}],"twitter_card":"summary_large_image","twitter_misc":{"Dur\u00e9e de lecture estim\u00e9e":"3 minutes"},"schema":{"@context":"https:\/\/schema.org","@graph":[{"@type":"WebPage","@id":"https:\/\/aftt.be\/index.php\/comment-devenir-juge-arbitre\/","url":"https:\/\/aftt.be\/index.php\/comment-devenir-juge-arbitre\/","name":"Comment devenir Juge-Arbitre - AFTT","isPartOf":{"@id":"https:\/\/aftt.be\/#website"},"primaryImageOfPage":{"@id":"https:\/\/aftt.be\/index.php\/comment-devenir-juge-arbitre\/#primaryimage"},"image":{"@id":"https:\/\/aftt.be\/index.php\/comment-devenir-juge-arbitre\/#primaryimage"},"thumbnailUrl":"https:\/\/aftt.be\/wp-content\/uploads\/2025\/10\/1664698211093-954x1024.jpg","datePublished":"2025-01-16T08:27:15+00:00","dateModified":"2025-10-20T10:34:30+00:00","breadcrumb":{"@id":"https:\/\/aftt.be\/index.php\/comment-devenir-juge-arbitre\/#breadcrumb"},"inLanguage":"fr-FR","potentialAction":[{"@type":"ReadAction","target":["https:\/\/aftt.be\/index.php\/comment-devenir-juge-arbitre\/"]}]},{"@type":"ImageObject","inLanguage":"fr-FR","@id":"https:\/\/aftt.be\/index.php\/comment-devenir-juge-arbitre\/#primaryimage","url":"https:\/\/aftt.be\/wp-content\/uploads\/2025\/10\/1664698211093.jpg","contentUrl":"https:\/\/aftt.be\/wp-content\/uploads\/2025\/10\/1664698211093.jpg","width":1154,"height":1239},{"@type":"BreadcrumbList","@id":"https:\/\/aftt.be\/index.php\/comment-devenir-juge-arbitre\/#breadcrumb","itemListElement":[{"@type":"ListItem","position":1,"name":"Accueil","item":"https:\/\/aftt.be\/"},{"@type":"ListItem","position":2,"name":"Comment devenir Juge-Arbitre"}]},{"@type":"WebSite","@id":"https:\/\/aftt.be\/#website","url":"https:\/\/aftt.be\/","name":"AFTT","description":"","publisher":{"@id":"https:\/\/aftt.be\/#organization"},"potentialAction":[{"@type":"SearchAction","target":{"@type":"EntryPoint","urlTemplate":"https:\/\/aftt.be\/?s={search_term_string}"},"query-input":{"@type":"PropertyValueSpecification","valueRequired":true,"valueName":"search_term_string"}}],"inLanguage":"fr-FR"},{"@type":"Organization","@id":"https:\/\/aftt.be\/#organization","name":"AFTT","url":"https:\/\/aftt.be\/","logo":{"@type":"ImageObject","inLanguage":"fr-FR","@id":"https:\/\/aftt.be\/#\/schema\/logo\/image\/","url":"https:\/\/aftt.be\/wp-content\/uploads\/2024\/12\/AFTT-150x150-1.png","contentUrl":"https:\/\/aftt.be\/wp-content\/uploads\/2024\/12\/AFTT-150x150-1.png","width":150,"height":150,"caption":"AFTT"},"image":{"@id":"https:\/\/aftt.be\/#\/schema\/logo\/image\/"},"sameAs":["https:\/\/www.facebook.com\/AFTTofficiel"]}]}},"_links":{"self":[{"href":"https:\/\/aftt.be\/index.php\/wp-json\/wp\/v2\/pages\/2288","targetHints":{"allow":["GET"]}}],"collection":[{"href":"https:\/\/aftt.be\/index.php\/wp-json\/wp\/v2\/pages"}],"about":[{"href":"https:\/\/aftt.be\/index.php\/wp-json\/wp\/v2\/types\/page"}],"author":[{"embeddable":true,"href":"https:\/\/aftt.be\/index.php\/wp-json\/wp\/v2\/users\/1"}],"replies":[{"embeddable":true,"href":"https:\/\/aftt.be\/index.php\/wp-json\/wp\/v2\/comments?post=2288"}],"version-history":[{"count":19,"href":"https:\/\/aftt.be\/index.php\/wp-json\/wp\/v2\/pages\/2288\/revisions"}],"predecessor-version":[{"id":14113,"href":"https:\/\/aftt.be\/index.php\/wp-json\/wp\/v2\/pages\/2288\/revisions\/14113"}],"wp:attachment":[{"href":"https:\/\/aftt.be\/index.php\/wp-json\/wp\/v2\/media?parent=2288"}],"curies":[{"name":"wp","href":"https:\/\/api.w.org\/{rel}","templated":true}]}}