{"id":2285,"date":"2025-01-16T08:25:30","date_gmt":"2025-01-16T08:25:30","guid":{"rendered":"https:\/\/aftt.be\/?page_id=2285"},"modified":"2025-10-20T10:33:58","modified_gmt":"2025-10-20T10:33:58","slug":"comment-devenir-arbitre","status":"publish","type":"page","link":"https:\/\/aftt.be\/index.php\/comment-devenir-arbitre\/","title":{"rendered":"Comment devenir arbitre ?"},"content":{"rendered":"\t\t<div data-elementor-type=\"wp-page\" data-elementor-id=\"2285\" class=\"elementor elementor-2285\" data-elementor-post-type=\"page\">\n\t\t\t\t<div class=\"elementor-element elementor-element-41eddf01 e-flex e-con-boxed e-con e-parent\" data-id=\"41eddf01\" data-element_type=\"container\">\n\t\t\t\t\t<div class=\"e-con-inner\">\n\t\t\t\t<div class=\"elementor-element elementor-element-51b33957 elementor-widget elementor-widget-text-editor\" data-id=\"51b33957\" data-element_type=\"widget\" data-widget_type=\"text-editor.default\">\n\t\t\t\t<div class=\"elementor-widget-container\">\n\t\t\t\t\t\t\t\t\t\n<p>Devenir arbitre au sein de notre f\u00e9d\u00e9ration est un parcours accessible et enrichissant, structur\u00e9 en plusieurs \u00e9tapes. Voici comment progresser dans cet univers :<\/p>\n<p><strong>Avoir au minimum 16 ans accomplis<\/strong><\/p>\n\n<ol class=\"wp-block-list\">\n<li><strong>Arbitre Provincial :<\/strong>\n<ul class=\"wp-block-list\">\n<li><strong>Formation :<\/strong> La formation d\u2019arbitre provincial se compose d\u2019une partie th\u00e9orique et pratique. Aucune condition pr\u00e9alable n\u2019est n\u00e9cessaire pour s\u2019inscrire, mais il faut \u00eatre affili\u00e9 pour passer l\u2019examen final.<\/li>\n\n<li><strong>Th\u00e9orie :<\/strong> Les bases de l\u2019arbitrage, telles que les r\u00e8gles du jeu, le r\u00f4le de l\u2019arbitre, et les aspects techniques, sont abord\u00e9es. La session se termine par un examen th\u00e9orique o\u00f9 un score de 26\/40 est requis.<\/li>\n\n<li><strong>Pratique :<\/strong> Contr\u00f4le du filet, de la raquette, gestion des cartes et des attitudes, avec un examen pratique lors d\u2019une comp\u00e9tition provinciale.<\/li>\n\n<li><strong><strong>Progression <\/strong>:<\/strong> Une fois dipl\u00f4m\u00e9, l\u2019arbitre doit pratiquer durant deux ans avant de pouvoir postuler au niveau r\u00e9gional et doit \u00eatre valid\u00e9 par le responsable provincial.<\/li>\n<\/ul>\n<\/li>\n\n<li><strong>Arbitre R\u00e9gional :<\/strong>\n<ul class=\"wp-block-list\">\n<li><strong>Formation :<\/strong> La formation r\u00e9gionale approfondit les r\u00e8gles des comp\u00e9titions, les r\u00e8glements d\u2019interclubs.<\/li>\n\n<li><strong>Th\u00e9orie :<\/strong> Examen th\u00e9orique (32\/40 requis)<\/li>\n\n<li><strong>Pratique :<\/strong> Lors d\u2019une comp\u00e9tition r\u00e9gionale, organis\u00e9e par les responsables provinciaux.<\/li>\n\n<li><strong>Progression :<\/strong> Apr\u00e8s deux ann\u00e9es d\u2019exp\u00e9rience et une \u00e9valuation positive, un arbitre r\u00e9gional peut postuler au niveau national.<\/li>\n<\/ul>\n<\/li>\n\n<li><strong>Arbitre National :<\/strong>\n<ul class=\"wp-block-list\">\n<li><strong>Formation et \u00c9valuation :<\/strong> Les candidats sont \u00e9valu\u00e9s lors des Championnats de Belgique de double via un test th\u00e9orique et une mise en pratique. La Commission R\u00e9gionale d\u2019Arbitrage (CRA) valide les candidatures.<\/li>\n\n<li><strong>Progression :<\/strong> Deux ann\u00e9es d\u2019exp\u00e9rience en tant qu\u2019arbitre national est n\u00e9cessaire pour \u00e9voluer.<\/li>\n<\/ul>\n<\/li>\n\n<li><strong>Arbitre International :<\/strong>\n<ul class=\"wp-block-list\">\n<li><strong>Examen :<\/strong> L\u2019examen international, organis\u00e9 par l\u2019ITTF, se limite \u00e0 un test th\u00e9orique. Il se d\u00e9roule tous les deux ans.<\/li>\n\n<li><strong>Validation :<\/strong> Les candidatures sont approuv\u00e9es par la Commission Centrale d\u2019Arbitrage (CCA).<\/li>\n<\/ul>\n<\/li>\n<\/ol>\n\n<p>De l\u2019arbitre provincial \u00e0 l\u2019arbitre international, chaque \u00e9tape permet de d\u00e9velopper des comp\u00e9tences et de contribuer activement \u00e0 l\u2019organisation des comp\u00e9titions, tout en renfor\u00e7ant votre expertise.<\/p>\n\t\t\t\t\t\t\t\t<\/div>\n\t\t\t\t<\/div>\n\t\t\t\t\t<\/div>\n\t\t\t\t<\/div>\n\t\t<div class=\"elementor-element elementor-element-bdc2190 e-flex e-con-boxed e-con e-parent\" data-id=\"bdc2190\" data-element_type=\"container\">\n\t\t\t\t\t<div class=\"e-con-inner\">\n\t\t\t\t<div class=\"elementor-element elementor-element-28c6276 elementor-widget elementor-widget-heading\" data-id=\"28c6276\" data-element_type=\"widget\" data-widget_type=\"heading.default\">\n\t\t\t\t<div class=\"elementor-widget-container\">\n\t\t\t\t\t<h2 class=\"elementor-heading-title elementor-size-default\">Responsables arbitrage<\/h2>\t\t\t\t<\/div>\n\t\t\t\t<\/div>\n\t\t\t\t\t<\/div>\n\t\t\t\t<\/div>\n\t\t<div class=\"elementor-element elementor-element-25441cb e-flex e-con-boxed e-con e-parent\" data-id=\"25441cb\" data-element_type=\"container\">\n\t\t\t\t\t<div class=\"e-con-inner\">\n\t\t<div class=\"elementor-element elementor-element-fff8f47 e-con-full e-flex e-con e-child\" data-id=\"fff8f47\" data-element_type=\"container\" data-settings=\"{&quot;background_background&quot;:&quot;classic&quot;,&quot;animation&quot;:&quot;none&quot;}\">\n\t\t\t\t<div class=\"elementor-element elementor-element-8102c20 elementor-widget elementor-widget-image\" data-id=\"8102c20\" data-element_type=\"widget\" data-widget_type=\"image.default\">\n\t\t\t\t<div class=\"elementor-widget-container\">\n\t\t\t\t\t\t\t\t\t\t\t\t\t\t\t<img fetchpriority=\"high\" decoding=\"async\" width=\"954\" height=\"1024\" src=\"https:\/\/aftt.be\/wp-content\/uploads\/2025\/10\/1664698211093-954x1024.jpg\" class=\"attachment-large size-large wp-image-14098\" alt=\"\" srcset=\"https:\/\/aftt.be\/wp-content\/uploads\/2025\/10\/1664698211093-954x1024.jpg 954w, https:\/\/aftt.be\/wp-content\/uploads\/2025\/10\/1664698211093-279x300.jpg 279w, https:\/\/aftt.be\/wp-content\/uploads\/2025\/10\/1664698211093-768x825.jpg 768w, https:\/\/aftt.be\/wp-content\/uploads\/2025\/10\/1664698211093-750x805.jpg 750w, https:\/\/aftt.be\/wp-content\/uploads\/2025\/10\/1664698211093-1140x1224.jpg 1140w, https:\/\/aftt.be\/wp-content\/uploads\/2025\/10\/1664698211093.jpg 1154w\" sizes=\"(max-width: 900px) 100vw, 900px\" \/>\t\t\t\t\t\t\t\t\t\t\t\t\t\t\t<\/div>\n\t\t\t\t<\/div>\n\t\t\t\t<div class=\"elementor-element elementor-element-44ee122 elementor-widget elementor-widget-heading\" data-id=\"44ee122\" data-element_type=\"widget\" data-widget_type=\"heading.default\">\n\t\t\t\t<div class=\"elementor-widget-container\">\n\t\t\t\t\t<h3 class=\"elementor-heading-title elementor-size-default\">Daniel Jeanfils<\/h3>\t\t\t\t<\/div>\n\t\t\t\t<\/div>\n\t\t\t\t<div class=\"elementor-element elementor-element-c5e6714 elementor-widget elementor-widget-heading\" data-id=\"c5e6714\" data-element_type=\"widget\" data-widget_type=\"heading.default\">\n\t\t\t\t<div class=\"elementor-widget-container\">\n\t\t\t\t\t<h4 class=\"elementor-heading-title elementor-size-default\">Responsable Francophone<\/h4>\t\t\t\t<\/div>\n\t\t\t\t<\/div>\n\t\t\t\t<\/div>\n\t\t<div class=\"elementor-element elementor-element-7280ec3 e-con-full e-flex e-con e-child\" data-id=\"7280ec3\" data-element_type=\"container\" data-settings=\"{&quot;background_background&quot;:&quot;classic&quot;,&quot;animation&quot;:&quot;none&quot;}\">\n\t\t\t\t<div class=\"elementor-element elementor-element-4dfdc0a elementor-widget elementor-widget-image\" data-id=\"4dfdc0a\" data-element_type=\"widget\" data-widget_type=\"image.default\">\n\t\t\t\t<div class=\"elementor-widget-container\">\n\t\t\t\t\t\t\t\t\t\t\t\t\t\t\t<img decoding=\"async\" width=\"500\" height=\"500\" src=\"https:\/\/aftt.be\/wp-content\/uploads\/2025\/01\/1-3.png\" class=\"attachment-large size-large wp-image-2294\" alt=\"\" srcset=\"https:\/\/aftt.be\/wp-content\/uploads\/2025\/01\/1-3.png 500w, https:\/\/aftt.be\/wp-content\/uploads\/2025\/01\/1-3-150x150.png 150w, https:\/\/aftt.be\/wp-content\/uploads\/2025\/01\/1-3-300x300.png 300w, https:\/\/aftt.be\/wp-content\/uploads\/2025\/01\/1-3-75x75.png 75w\" sizes=\"(max-width: 500px) 100vw, 500px\" \/>\t\t\t\t\t\t\t\t\t\t\t\t\t\t\t<\/div>\n\t\t\t\t<\/div>\n\t\t\t\t<div class=\"elementor-element elementor-element-ba515a8 elementor-widget elementor-widget-heading\" data-id=\"ba515a8\" data-element_type=\"widget\" data-widget_type=\"heading.default\">\n\t\t\t\t<div class=\"elementor-widget-container\">\n\t\t\t\t\t<h3 class=\"elementor-heading-title elementor-size-default\">Felix Dandois<\/h3>\t\t\t\t<\/div>\n\t\t\t\t<\/div>\n\t\t\t\t<div class=\"elementor-element elementor-element-870622a elementor-widget elementor-widget-heading\" data-id=\"870622a\" data-element_type=\"widget\" data-widget_type=\"heading.default\">\n\t\t\t\t<div class=\"elementor-widget-container\">\n\t\t\t\t\t<h4 class=\"elementor-heading-title elementor-size-default\">Responsable BBW<\/h4>\t\t\t\t<\/div>\n\t\t\t\t<\/div>\n\t\t\t\t<\/div>\n\t\t<div class=\"elementor-element elementor-element-11ec1aa e-con-full e-flex e-con e-child\" data-id=\"11ec1aa\" data-element_type=\"container\" data-settings=\"{&quot;background_background&quot;:&quot;classic&quot;,&quot;animation&quot;:&quot;none&quot;}\">\n\t\t\t\t<div class=\"elementor-element elementor-element-d6b85ad elementor-widget elementor-widget-image\" data-id=\"d6b85ad\" data-element_type=\"widget\" data-widget_type=\"image.default\">\n\t\t\t\t<div class=\"elementor-widget-container\">\n\t\t\t\t\t\t\t\t\t\t\t\t\t\t\t<img decoding=\"async\" width=\"500\" height=\"500\" src=\"https:\/\/aftt.be\/wp-content\/uploads\/2025\/01\/3-3.png\" class=\"attachment-large size-large wp-image-2296\" alt=\"\" srcset=\"https:\/\/aftt.be\/wp-content\/uploads\/2025\/01\/3-3.png 500w, https:\/\/aftt.be\/wp-content\/uploads\/2025\/01\/3-3-150x150.png 150w, https:\/\/aftt.be\/wp-content\/uploads\/2025\/01\/3-3-300x300.png 300w, https:\/\/aftt.be\/wp-content\/uploads\/2025\/01\/3-3-75x75.png 75w\" sizes=\"(max-width: 500px) 100vw, 500px\" \/>\t\t\t\t\t\t\t\t\t\t\t\t\t\t\t<\/div>\n\t\t\t\t<\/div>\n\t\t\t\t<div class=\"elementor-element elementor-element-16c57e9 elementor-widget elementor-widget-heading\" data-id=\"16c57e9\" data-element_type=\"widget\" data-widget_type=\"heading.default\">\n\t\t\t\t<div class=\"elementor-widget-container\">\n\t\t\t\t\t<h3 class=\"elementor-heading-title elementor-size-default\">Andr\u00e9 Mahieu<\/h3>\t\t\t\t<\/div>\n\t\t\t\t<\/div>\n\t\t\t\t<div class=\"elementor-element elementor-element-b888c8f elementor-widget elementor-widget-heading\" data-id=\"b888c8f\" data-element_type=\"widget\" data-widget_type=\"heading.default\">\n\t\t\t\t<div class=\"elementor-widget-container\">\n\t\t\t\t\t<h4 class=\"elementor-heading-title elementor-size-default\">Responsable Hainaut<\/h4>\t\t\t\t<\/div>\n\t\t\t\t<\/div>\n\t\t\t\t<\/div>\n\t\t<div class=\"elementor-element elementor-element-b7660b8 e-con-full e-flex e-con e-child\" data-id=\"b7660b8\" data-element_type=\"container\" data-settings=\"{&quot;background_background&quot;:&quot;classic&quot;,&quot;animation&quot;:&quot;none&quot;}\">\n\t\t\t\t<div class=\"elementor-element elementor-element-80287d5 elementor-widget elementor-widget-image\" data-id=\"80287d5\" data-element_type=\"widget\" data-widget_type=\"image.default\">\n\t\t\t\t<div class=\"elementor-widget-container\">\n\t\t\t\t\t\t\t\t\t\t\t\t\t\t\t<img loading=\"lazy\" decoding=\"async\" width=\"500\" height=\"500\" src=\"https:\/\/aftt.be\/wp-content\/uploads\/2025\/01\/3-2.png\" class=\"attachment-large size-large wp-image-1886\" alt=\"\" srcset=\"https:\/\/aftt.be\/wp-content\/uploads\/2025\/01\/3-2.png 500w, https:\/\/aftt.be\/wp-content\/uploads\/2025\/01\/3-2-150x150.png 150w, https:\/\/aftt.be\/wp-content\/uploads\/2025\/01\/3-2-300x300.png 300w, https:\/\/aftt.be\/wp-content\/uploads\/2025\/01\/3-2-75x75.png 75w\" sizes=\"(max-width: 500px) 100vw, 500px\" \/>\t\t\t\t\t\t\t\t\t\t\t\t\t\t\t<\/div>\n\t\t\t\t<\/div>\n\t\t\t\t<div class=\"elementor-element elementor-element-078c800 elementor-widget elementor-widget-heading\" data-id=\"078c800\" data-element_type=\"widget\" data-widget_type=\"heading.default\">\n\t\t\t\t<div class=\"elementor-widget-container\">\n\t\t\t\t\t<h3 class=\"elementor-heading-title elementor-size-default\">Didier Maurage<\/h3>\t\t\t\t<\/div>\n\t\t\t\t<\/div>\n\t\t\t\t<div class=\"elementor-element elementor-element-ed35c24 elementor-widget elementor-widget-heading\" data-id=\"ed35c24\" data-element_type=\"widget\" data-widget_type=\"heading.default\">\n\t\t\t\t<div class=\"elementor-widget-container\">\n\t\t\t\t\t<h4 class=\"elementor-heading-title elementor-size-default\">Responsable Li\u00e8ge<\/h4>\t\t\t\t<\/div>\n\t\t\t\t<\/div>\n\t\t\t\t<\/div>\n\t\t<div class=\"elementor-element elementor-element-e335f11 e-flex e-con-boxed e-con e-child\" data-id=\"e335f11\" data-element_type=\"container\" data-settings=\"{&quot;background_background&quot;:&quot;classic&quot;,&quot;animation&quot;:&quot;none&quot;}\">\n\t\t\t\t\t<div class=\"e-con-inner\">\n\t\t\t\t<div class=\"elementor-element elementor-element-bdc6be6 elementor-widget elementor-widget-image\" data-id=\"bdc6be6\" data-element_type=\"widget\" data-widget_type=\"image.default\">\n\t\t\t\t<div class=\"elementor-widget-container\">\n\t\t\t\t\t\t\t\t\t\t\t\t\t\t\t<img fetchpriority=\"high\" decoding=\"async\" width=\"954\" height=\"1024\" src=\"https:\/\/aftt.be\/wp-content\/uploads\/2025\/10\/1664698211093-954x1024.jpg\" class=\"attachment-large size-large wp-image-14098\" alt=\"\" srcset=\"https:\/\/aftt.be\/wp-content\/uploads\/2025\/10\/1664698211093-954x1024.jpg 954w, https:\/\/aftt.be\/wp-content\/uploads\/2025\/10\/1664698211093-279x300.jpg 279w, https:\/\/aftt.be\/wp-content\/uploads\/2025\/10\/1664698211093-768x825.jpg 768w, https:\/\/aftt.be\/wp-content\/uploads\/2025\/10\/1664698211093-750x805.jpg 750w, https:\/\/aftt.be\/wp-content\/uploads\/2025\/10\/1664698211093-1140x1224.jpg 1140w, https:\/\/aftt.be\/wp-content\/uploads\/2025\/10\/1664698211093.jpg 1154w\" sizes=\"(max-width: 900px) 100vw, 900px\" \/>\t\t\t\t\t\t\t\t\t\t\t\t\t\t\t<\/div>\n\t\t\t\t<\/div>\n\t\t\t\t<div class=\"elementor-element elementor-element-43f79f0 elementor-widget elementor-widget-heading\" data-id=\"43f79f0\" data-element_type=\"widget\" data-widget_type=\"heading.default\">\n\t\t\t\t<div class=\"elementor-widget-container\">\n\t\t\t\t\t<h3 class=\"elementor-heading-title elementor-size-default\">Daniel Jeanfils<\/h3>\t\t\t\t<\/div>\n\t\t\t\t<\/div>\n\t\t\t\t<div class=\"elementor-element elementor-element-bd940f6 elementor-widget elementor-widget-heading\" data-id=\"bd940f6\" data-element_type=\"widget\" data-widget_type=\"heading.default\">\n\t\t\t\t<div class=\"elementor-widget-container\">\n\t\t\t\t\t<h4 class=\"elementor-heading-title elementor-size-default\">Responsable Luxembourg<\/h4>\t\t\t\t<\/div>\n\t\t\t\t<\/div>\n\t\t\t\t\t<\/div>\n\t\t\t\t<\/div>\n\t\t<div class=\"elementor-element elementor-element-f39a1e6 e-flex e-con-boxed e-con e-child\" data-id=\"f39a1e6\" data-element_type=\"container\" data-settings=\"{&quot;background_background&quot;:&quot;classic&quot;,&quot;animation&quot;:&quot;none&quot;}\">\n\t\t\t\t\t<div class=\"e-con-inner\">\n\t\t\t\t<div class=\"elementor-element elementor-element-9932353 elementor-widget elementor-widget-image\" data-id=\"9932353\" data-element_type=\"widget\" data-widget_type=\"image.default\">\n\t\t\t\t<div class=\"elementor-widget-container\">\n\t\t\t\t\t\t\t\t\t\t\t\t\t\t\t<img loading=\"lazy\" decoding=\"async\" width=\"500\" height=\"500\" src=\"https:\/\/aftt.be\/wp-content\/uploads\/2025\/01\/2-3.png\" class=\"attachment-large size-large wp-image-2295\" alt=\"\" srcset=\"https:\/\/aftt.be\/wp-content\/uploads\/2025\/01\/2-3.png 500w, https:\/\/aftt.be\/wp-content\/uploads\/2025\/01\/2-3-150x150.png 150w, https:\/\/aftt.be\/wp-content\/uploads\/2025\/01\/2-3-300x300.png 300w, https:\/\/aftt.be\/wp-content\/uploads\/2025\/01\/2-3-75x75.png 75w\" sizes=\"(max-width: 500px) 100vw, 500px\" \/>\t\t\t\t\t\t\t\t\t\t\t\t\t\t\t<\/div>\n\t\t\t\t<\/div>\n\t\t\t\t<div class=\"elementor-element elementor-element-b9f555e elementor-widget elementor-widget-heading\" data-id=\"b9f555e\" data-element_type=\"widget\" data-widget_type=\"heading.default\">\n\t\t\t\t<div class=\"elementor-widget-container\">\n\t\t\t\t\t<h3 class=\"elementor-heading-title elementor-size-default\">Claire Folie<\/h3>\t\t\t\t<\/div>\n\t\t\t\t<\/div>\n\t\t\t\t<div class=\"elementor-element elementor-element-8b3db78 elementor-widget elementor-widget-heading\" data-id=\"8b3db78\" data-element_type=\"widget\" data-widget_type=\"heading.default\">\n\t\t\t\t<div class=\"elementor-widget-container\">\n\t\t\t\t\t<h4 class=\"elementor-heading-title elementor-size-default\">Responsable Namur<\/h4>\t\t\t\t<\/div>\n\t\t\t\t<\/div>\n\t\t\t\t\t<\/div>\n\t\t\t\t<\/div>\n\t\t\t\t\t<\/div>\n\t\t\t\t<\/div>\n\t\t\t\t<\/div>\n\t\t","protected":false},"excerpt":{"rendered":"<p>Devenir arbitre au sein de notre f\u00e9d\u00e9ration est un parcours accessible et enrichissant, structur\u00e9 en plusieurs \u00e9tapes. Voici comment progresser dans cet univers : Avoir au minimum 16 ans accomplis De l\u2019arbitre provincial \u00e0 l\u2019arbitre international, chaque \u00e9tape permet de d\u00e9velopper des comp\u00e9tences et de contribuer activement \u00e0 l\u2019organisation des comp\u00e9titions, tout en renfor\u00e7ant votre &#8230; <a title=\"Comment devenir arbitre ?\" class=\"read-more\" href=\"https:\/\/aftt.be\/index.php\/comment-devenir-arbitre\/\" aria-label=\"En savoir plus sur Comment devenir arbitre ?\">Lire la suite<\/a><\/p>\n","protected":false},"author":1,"featured_media":0,"parent":0,"menu_order":0,"comment_status":"closed","ping_status":"closed","template":"","meta":{"footnotes":""},"class_list":["post-2285","page","type-page","status-publish"],"yoast_head":"<!-- This site is optimized with the Yoast SEO plugin v26.2 - https:\/\/yoast.com\/wordpress\/plugins\/seo\/ -->\n<title>Comment devenir arbitre ? - AFTT<\/title>\n<meta name=\"robots\" content=\"index, follow, max-snippet:-1, max-image-preview:large, max-video-preview:-1\" \/>\n<link rel=\"canonical\" href=\"https:\/\/aftt.be\/index.php\/comment-devenir-arbitre\/\" \/>\n<meta property=\"og:locale\" content=\"fr_FR\" \/>\n<meta property=\"og:type\" content=\"article\" \/>\n<meta property=\"og:title\" content=\"Comment devenir arbitre ? - AFTT\" \/>\n<meta property=\"og:description\" content=\"Devenir arbitre au sein de notre f\u00e9d\u00e9ration est un parcours accessible et enrichissant, structur\u00e9 en plusieurs \u00e9tapes. Voici comment progresser dans cet univers : Avoir au minimum 16 ans accomplis De l\u2019arbitre provincial \u00e0 l\u2019arbitre international, chaque \u00e9tape permet de d\u00e9velopper des comp\u00e9tences et de contribuer activement \u00e0 l\u2019organisation des comp\u00e9titions, tout en renfor\u00e7ant votre ... Lire la suite\" \/>\n<meta property=\"og:url\" content=\"https:\/\/aftt.be\/index.php\/comment-devenir-arbitre\/\" \/>\n<meta property=\"og:site_name\" content=\"AFTT\" \/>\n<meta property=\"article:publisher\" content=\"https:\/\/www.facebook.com\/AFTTofficiel\" \/>\n<meta property=\"article:modified_time\" content=\"2025-10-20T10:33:58+00:00\" \/>\n<meta property=\"og:image\" content=\"https:\/\/aftt.be\/wp-content\/uploads\/2025\/10\/1664698211093-954x1024.jpg\" \/>\n<meta name=\"twitter:card\" content=\"summary_large_image\" \/>\n<meta name=\"twitter:label1\" content=\"Dur\u00e9e de lecture estim\u00e9e\" \/>\n\t<meta name=\"twitter:data1\" content=\"3 minutes\" \/>\n<script type=\"application\/ld+json\" class=\"yoast-schema-graph\">{\"@context\":\"https:\/\/schema.org\",\"@graph\":[{\"@type\":\"WebPage\",\"@id\":\"https:\/\/aftt.be\/index.php\/comment-devenir-arbitre\/\",\"url\":\"https:\/\/aftt.be\/index.php\/comment-devenir-arbitre\/\",\"name\":\"Comment devenir arbitre ? - AFTT\",\"isPartOf\":{\"@id\":\"https:\/\/aftt.be\/#website\"},\"primaryImageOfPage\":{\"@id\":\"https:\/\/aftt.be\/index.php\/comment-devenir-arbitre\/#primaryimage\"},\"image\":{\"@id\":\"https:\/\/aftt.be\/index.php\/comment-devenir-arbitre\/#primaryimage\"},\"thumbnailUrl\":\"https:\/\/aftt.be\/wp-content\/uploads\/2025\/10\/1664698211093-954x1024.jpg\",\"datePublished\":\"2025-01-16T08:25:30+00:00\",\"dateModified\":\"2025-10-20T10:33:58+00:00\",\"breadcrumb\":{\"@id\":\"https:\/\/aftt.be\/index.php\/comment-devenir-arbitre\/#breadcrumb\"},\"inLanguage\":\"fr-FR\",\"potentialAction\":[{\"@type\":\"ReadAction\",\"target\":[\"https:\/\/aftt.be\/index.php\/comment-devenir-arbitre\/\"]}]},{\"@type\":\"ImageObject\",\"inLanguage\":\"fr-FR\",\"@id\":\"https:\/\/aftt.be\/index.php\/comment-devenir-arbitre\/#primaryimage\",\"url\":\"https:\/\/aftt.be\/wp-content\/uploads\/2025\/10\/1664698211093.jpg\",\"contentUrl\":\"https:\/\/aftt.be\/wp-content\/uploads\/2025\/10\/1664698211093.jpg\",\"width\":1154,\"height\":1239},{\"@type\":\"BreadcrumbList\",\"@id\":\"https:\/\/aftt.be\/index.php\/comment-devenir-arbitre\/#breadcrumb\",\"itemListElement\":[{\"@type\":\"ListItem\",\"position\":1,\"name\":\"Accueil\",\"item\":\"https:\/\/aftt.be\/\"},{\"@type\":\"ListItem\",\"position\":2,\"name\":\"Comment devenir arbitre ?\"}]},{\"@type\":\"WebSite\",\"@id\":\"https:\/\/aftt.be\/#website\",\"url\":\"https:\/\/aftt.be\/\",\"name\":\"AFTT\",\"description\":\"\",\"publisher\":{\"@id\":\"https:\/\/aftt.be\/#organization\"},\"potentialAction\":[{\"@type\":\"SearchAction\",\"target\":{\"@type\":\"EntryPoint\",\"urlTemplate\":\"https:\/\/aftt.be\/?s={search_term_string}\"},\"query-input\":{\"@type\":\"PropertyValueSpecification\",\"valueRequired\":true,\"valueName\":\"search_term_string\"}}],\"inLanguage\":\"fr-FR\"},{\"@type\":\"Organization\",\"@id\":\"https:\/\/aftt.be\/#organization\",\"name\":\"AFTT\",\"url\":\"https:\/\/aftt.be\/\",\"logo\":{\"@type\":\"ImageObject\",\"inLanguage\":\"fr-FR\",\"@id\":\"https:\/\/aftt.be\/#\/schema\/logo\/image\/\",\"url\":\"https:\/\/aftt.be\/wp-content\/uploads\/2024\/12\/AFTT-150x150-1.png\",\"contentUrl\":\"https:\/\/aftt.be\/wp-content\/uploads\/2024\/12\/AFTT-150x150-1.png\",\"width\":150,\"height\":150,\"caption\":\"AFTT\"},\"image\":{\"@id\":\"https:\/\/aftt.be\/#\/schema\/logo\/image\/\"},\"sameAs\":[\"https:\/\/www.facebook.com\/AFTTofficiel\"]}]}<\/script>\n<!-- \/ Yoast SEO plugin. -->","yoast_head_json":{"title":"Comment devenir arbitre ? - AFTT","robots":{"index":"index","follow":"follow","max-snippet":"max-snippet:-1","max-image-preview":"max-image-preview:large","max-video-preview":"max-video-preview:-1"},"canonical":"https:\/\/aftt.be\/index.php\/comment-devenir-arbitre\/","og_locale":"fr_FR","og_type":"article","og_title":"Comment devenir arbitre ? - AFTT","og_description":"Devenir arbitre au sein de notre f\u00e9d\u00e9ration est un parcours accessible et enrichissant, structur\u00e9 en plusieurs \u00e9tapes. Voici comment progresser dans cet univers : Avoir au minimum 16 ans accomplis De l\u2019arbitre provincial \u00e0 l\u2019arbitre international, chaque \u00e9tape permet de d\u00e9velopper des comp\u00e9tences et de contribuer activement \u00e0 l\u2019organisation des comp\u00e9titions, tout en renfor\u00e7ant votre ... Lire la suite","og_url":"https:\/\/aftt.be\/index.php\/comment-devenir-arbitre\/","og_site_name":"AFTT","article_publisher":"https:\/\/www.facebook.com\/AFTTofficiel","article_modified_time":"2025-10-20T10:33:58+00:00","og_image":[{"url":"https:\/\/aftt.be\/wp-content\/uploads\/2025\/10\/1664698211093-954x1024.jpg","type":"","width":"","height":""}],"twitter_card":"summary_large_image","twitter_misc":{"Dur\u00e9e de lecture estim\u00e9e":"3 minutes"},"schema":{"@context":"https:\/\/schema.org","@graph":[{"@type":"WebPage","@id":"https:\/\/aftt.be\/index.php\/comment-devenir-arbitre\/","url":"https:\/\/aftt.be\/index.php\/comment-devenir-arbitre\/","name":"Comment devenir arbitre ? - AFTT","isPartOf":{"@id":"https:\/\/aftt.be\/#website"},"primaryImageOfPage":{"@id":"https:\/\/aftt.be\/index.php\/comment-devenir-arbitre\/#primaryimage"},"image":{"@id":"https:\/\/aftt.be\/index.php\/comment-devenir-arbitre\/#primaryimage"},"thumbnailUrl":"https:\/\/aftt.be\/wp-content\/uploads\/2025\/10\/1664698211093-954x1024.jpg","datePublished":"2025-01-16T08:25:30+00:00","dateModified":"2025-10-20T10:33:58+00:00","breadcrumb":{"@id":"https:\/\/aftt.be\/index.php\/comment-devenir-arbitre\/#breadcrumb"},"inLanguage":"fr-FR","potentialAction":[{"@type":"ReadAction","target":["https:\/\/aftt.be\/index.php\/comment-devenir-arbitre\/"]}]},{"@type":"ImageObject","inLanguage":"fr-FR","@id":"https:\/\/aftt.be\/index.php\/comment-devenir-arbitre\/#primaryimage","url":"https:\/\/aftt.be\/wp-content\/uploads\/2025\/10\/1664698211093.jpg","contentUrl":"https:\/\/aftt.be\/wp-content\/uploads\/2025\/10\/1664698211093.jpg","width":1154,"height":1239},{"@type":"BreadcrumbList","@id":"https:\/\/aftt.be\/index.php\/comment-devenir-arbitre\/#breadcrumb","itemListElement":[{"@type":"ListItem","position":1,"name":"Accueil","item":"https:\/\/aftt.be\/"},{"@type":"ListItem","position":2,"name":"Comment devenir arbitre ?"}]},{"@type":"WebSite","@id":"https:\/\/aftt.be\/#website","url":"https:\/\/aftt.be\/","name":"AFTT","description":"","publisher":{"@id":"https:\/\/aftt.be\/#organization"},"potentialAction":[{"@type":"SearchAction","target":{"@type":"EntryPoint","urlTemplate":"https:\/\/aftt.be\/?s={search_term_string}"},"query-input":{"@type":"PropertyValueSpecification","valueRequired":true,"valueName":"search_term_string"}}],"inLanguage":"fr-FR"},{"@type":"Organization","@id":"https:\/\/aftt.be\/#organization","name":"AFTT","url":"https:\/\/aftt.be\/","logo":{"@type":"ImageObject","inLanguage":"fr-FR","@id":"https:\/\/aftt.be\/#\/schema\/logo\/image\/","url":"https:\/\/aftt.be\/wp-content\/uploads\/2024\/12\/AFTT-150x150-1.png","contentUrl":"https:\/\/aftt.be\/wp-content\/uploads\/2024\/12\/AFTT-150x150-1.png","width":150,"height":150,"caption":"AFTT"},"image":{"@id":"https:\/\/aftt.be\/#\/schema\/logo\/image\/"},"sameAs":["https:\/\/www.facebook.com\/AFTTofficiel"]}]}},"_links":{"self":[{"href":"https:\/\/aftt.be\/index.php\/wp-json\/wp\/v2\/pages\/2285","targetHints":{"allow":["GET"]}}],"collection":[{"href":"https:\/\/aftt.be\/index.php\/wp-json\/wp\/v2\/pages"}],"about":[{"href":"https:\/\/aftt.be\/index.php\/wp-json\/wp\/v2\/types\/page"}],"author":[{"embeddable":true,"href":"https:\/\/aftt.be\/index.php\/wp-json\/wp\/v2\/users\/1"}],"replies":[{"embeddable":true,"href":"https:\/\/aftt.be\/index.php\/wp-json\/wp\/v2\/comments?post=2285"}],"version-history":[{"count":28,"href":"https:\/\/aftt.be\/index.php\/wp-json\/wp\/v2\/pages\/2285\/revisions"}],"predecessor-version":[{"id":14110,"href":"https:\/\/aftt.be\/index.php\/wp-json\/wp\/v2\/pages\/2285\/revisions\/14110"}],"wp:attachment":[{"href":"https:\/\/aftt.be\/index.php\/wp-json\/wp\/v2\/media?parent=2285"}],"curies":[{"name":"wp","href":"https:\/\/api.w.org\/{rel}","templated":true}]}}