{"id":2018,"date":"2025-01-14T08:49:06","date_gmt":"2025-01-14T08:49:06","guid":{"rendered":"https:\/\/aftt.be\/?page_id=2018"},"modified":"2025-01-23T11:32:29","modified_gmt":"2025-01-23T11:32:29","slug":"revues-de-presse","status":"publish","type":"page","link":"https:\/\/aftt.be\/index.php\/revues-de-presse\/","title":{"rendered":"Revues de presse"},"content":{"rendered":"\t\t<div data-elementor-type=\"wp-page\" data-elementor-id=\"2018\" class=\"elementor elementor-2018\" data-elementor-post-type=\"page\">\n\t\t\t\t<div class=\"elementor-element elementor-element-24401d5 e-flex e-con-boxed e-con e-parent\" data-id=\"24401d5\" data-element_type=\"container\">\n\t\t\t\t\t<div class=\"e-con-inner\">\n\t\t\t\t<div class=\"elementor-element elementor-element-88630d7 elementor-widget elementor-widget-text-editor\" data-id=\"88630d7\" data-element_type=\"widget\" data-widget_type=\"text-editor.default\">\n\t\t\t\t<div class=\"elementor-widget-container\">\n\t\t\t\t\t\t\t\t\t<p>Cet outil g\u00e9n\u00e8re automatiquement une s\u00e9lection d&#8217;articles de presse qui \u00e9voquent le tennis de table en Belgique. Il est important de noter que :<\/p><ul><li>Certains articles peuvent ne pas traiter principalement du tennis de table, mais incluent des r\u00e9f\u00e9rences \u00e0 notre sport dans un contexte secondaire.<\/li><li>En raison de l&#8217;automatisation, il se peut que certains articles soient moins directement li\u00e9s au sujet.<\/li><\/ul><p>Nous vous invitons \u00e0 parcourir ces articles pour d\u00e9couvrir les multiples facettes du tennis de table dans la presse.<\/p>\t\t\t\t\t\t\t\t<\/div>\n\t\t\t\t<\/div>\n\t\t\t\t<div class=\"elementor-element elementor-element-40c671c elementor-widget elementor-widget-shortcode\" data-id=\"40c671c\" data-element_type=\"widget\" data-widget_type=\"shortcode.default\">\n\t\t\t\t<div class=\"elementor-widget-container\">\n\t\t\t\t\t\t\t<div class=\"elementor-shortcode\"><div class=\"wp-rss-template-container\" data-wpra-template=\"revues-de-presse-bis\" data-template-ctx=\"eyJzb3VyY2VzIjoiMjAwMSIsInRlbXBsYXRlIjoicmV2dWVzLWRlLXByZXNzZS1iaXMiLCJpdGVtcyI6e319\">\n    <div class=\"wp-rss-aggregator wpra-grid-template  \" data-page=\"1\">\n    \n    <div class=\"wpra-item-grid rss-aggregator\">\n                        <div class=\"wpra-item feed-item  wpra-item--1of2\">\n            \n\n\n    \n\n<div\n    style=\"\"\n    class=\"wpra-grid-item wpra-grid-item--pull-last-item \"\n>\n    \n                <div class=\"wpra-grid-item__content\">\n                            \n                            \n        <div class=\"wpra-grid-item__item wpra-grid-item__title\">\n        <a href=\"https:\/\/www.sudinfo.be\/id1139635\/article\/2026-04-19\/tennis-de-table-super-division-bien-vite-le-derby-pour-don-bosco-tournai-balaye\" target=\"_blank\"  class=\"\"><b>Tennis de table<\/b> - Super Division | Bien vite le derby pour Don Bosco Tournai, balay\u00e9 \u00e0 La ... - Sudinfo<\/a>\n        \n    <\/div>\n                                \n                            \n                                    <div class=\"wpra-grid-item__item wpra-grid-item__information \">\n                    \n    <div class=\"feed-date\">\n        Publi\u00e9 le :  2026-04-19\n    <\/div>\n                                                    <\/div>\n                    <\/div>\n    \n<\/div>\n\n        <\/div>\n                    <div class=\"wpra-item feed-item  wpra-item--1of2\">\n            \n\n\n    \n\n<div\n    style=\"\"\n    class=\"wpra-grid-item wpra-grid-item--pull-last-item \"\n>\n    \n                <div class=\"wpra-grid-item__content\">\n                            \n                            \n        <div class=\"wpra-grid-item__item wpra-grid-item__title\">\n        <a href=\"https:\/\/www.sudinfo.be\/id1139640\/article\/2026-04-19\/water-polo-d3-le-cn-tournai-atomise-anvers-c-et-prend-une-option-sur-le-titre\" target=\"_blank\"  class=\"\">Water-polo \u2013 D3 | Le CN Tournai atomise Anvers C et prend une option sur le titre - Sudinfo<\/a>\n        \n    <\/div>\n                                \n                            \n                                    <div class=\"wpra-grid-item__item wpra-grid-item__information \">\n                    \n    <div class=\"feed-date\">\n        Publi\u00e9 le :  2026-04-19\n    <\/div>\n                                                    <\/div>\n                    <\/div>\n    \n<\/div>\n\n        <\/div>\n                    <div class=\"wpra-item feed-item  wpra-item--1of2\">\n            \n\n\n    \n\n<div\n    style=\"\"\n    class=\"wpra-grid-item wpra-grid-item--pull-last-item \"\n>\n    \n                <div class=\"wpra-grid-item__content\">\n                            \n                            \n        <div class=\"wpra-grid-item__item wpra-grid-item__title\">\n        <a href=\"https:\/\/www.lavenir.net\/sports\/resultats\/matches\/hercules-houten-super-handball-league-handball-messieurs\/ma14648948-73844-9-65\/\" target=\"_blank\"  class=\"\">R\u00e9sultats et classements sportifs - Match du 18\/04\/2026 : Hercules - Houten - L'Avenir<\/a>\n        \n    <\/div>\n                                \n                            \n                                    <div class=\"wpra-grid-item__item wpra-grid-item__information \">\n                    \n    <div class=\"feed-date\">\n        Publi\u00e9 le :  2026-04-19\n    <\/div>\n                                                    <\/div>\n                    <\/div>\n    \n<\/div>\n\n        <\/div>\n                    <div class=\"wpra-item feed-item  wpra-item--1of2\">\n            \n\n\n    \n\n<div\n    style=\"\"\n    class=\"wpra-grid-item wpra-grid-item--pull-last-item \"\n>\n    \n                <div class=\"wpra-grid-item__content\">\n                            \n                            \n        <div class=\"wpra-grid-item__item wpra-grid-item__title\">\n        <a href=\"https:\/\/www.sudinfo.be\/id1139455\/article\/2026-04-18\/superdivision-virton-se-decentralise-gouvy-pour-un-match-de-gala-face-au-sokah\" target=\"_blank\"  class=\"\">Superdivision | Virton se d\u00e9centralise \u00e0 Gouvy pour un match de gala face au Sokah - Sudinfo<\/a>\n        \n    <\/div>\n                                \n                            \n                                    <div class=\"wpra-grid-item__item wpra-grid-item__information \">\n                    \n    <div class=\"feed-date\">\n        Publi\u00e9 le :  2026-04-18\n    <\/div>\n                                                    <\/div>\n                    <\/div>\n    \n<\/div>\n\n        <\/div>\n                    <div class=\"wpra-item feed-item  wpra-item--1of2\">\n            \n\n\n    \n\n<div\n    style=\"\"\n    class=\"wpra-grid-item wpra-grid-item--pull-last-item \"\n>\n    \n                <div class=\"wpra-grid-item__content\">\n                            \n                            \n        <div class=\"wpra-grid-item__item wpra-grid-item__title\">\n        <a href=\"https:\/\/www.lalibre.be\/sports\/resultats\/equipes\/climbias-nationale-division-1-petanque-nationale-et-federale-championnat-d-hiver\/tm246668-8891-15-81-220\/\" target=\"_blank\"  class=\"\">R\u00e9sultats et classements sportifs - \u00c9quipe : Climbias - Nationale Division 1 - La Libre - LaLibre.be<\/a>\n        \n    <\/div>\n                                \n                            \n                                    <div class=\"wpra-grid-item__item wpra-grid-item__information \">\n                    \n    <div class=\"feed-date\">\n        Publi\u00e9 le :  2026-04-18\n    <\/div>\n                                                    <\/div>\n                    <\/div>\n    \n<\/div>\n\n        <\/div>\n                    <div class=\"wpra-item feed-item  wpra-item--1of2\">\n            \n\n\n    \n\n<div\n    style=\"\"\n    class=\"wpra-grid-item wpra-grid-item--pull-last-item \"\n>\n    \n                <div class=\"wpra-grid-item__content\">\n                            \n                            \n        <div class=\"wpra-grid-item__item wpra-grid-item__title\">\n        <a href=\"https:\/\/www.tvlux.be\/actu\/sport\/440-eleves-ont-participe-a-la-15e-edition-de-l-ado-trophee_51294\" target=\"_blank\"  class=\"\">440 \u00e9l\u00e8ves ont particip\u00e9 \u00e0 la 15e \u00e9dition de l'Ado Troph\u00e9e - TV Lux<\/a>\n        \n    <\/div>\n                                \n                            \n                                    <div class=\"wpra-grid-item__item wpra-grid-item__information \">\n                    \n    <div class=\"feed-date\">\n        Publi\u00e9 le :  2026-04-17\n    <\/div>\n                                                    <\/div>\n                    <\/div>\n    \n<\/div>\n\n        <\/div>\n                    <div class=\"wpra-item feed-item  wpra-item--1of2\">\n            \n\n\n    \n\n<div\n    style=\"\"\n    class=\"wpra-grid-item wpra-grid-item--pull-last-item \"\n>\n    \n                <div class=\"wpra-grid-item__content\">\n                            \n                            \n        <div class=\"wpra-grid-item__item wpra-grid-item__title\">\n        <a href=\"https:\/\/www.rtbf.be\/article\/merci-timmy-comment-la-polemique-de-timothee-chalamet-a-booste-les-ventes-du-royal-ballet-and-opera-11710802\" target=\"_blank\"  class=\"\">'Merci Timmy !': Comment la pol\u00e9mique de Timoth\u00e9e Chalamet a boost\u00e9 les ventes du Royal ...<\/a>\n        \n    <\/div>\n                                \n                            \n                                    <div class=\"wpra-grid-item__item wpra-grid-item__information \">\n                    \n    <div class=\"feed-date\">\n        Publi\u00e9 le :  2026-04-16\n    <\/div>\n                                                    <\/div>\n                    <\/div>\n    \n<\/div>\n\n        <\/div>\n                    <div class=\"wpra-item feed-item  wpra-item--1of2\">\n            \n\n\n    \n\n<div\n    style=\"\"\n    class=\"wpra-grid-item wpra-grid-item--pull-last-item \"\n>\n    \n                <div class=\"wpra-grid-item__content\">\n                            \n                            \n        <div class=\"wpra-grid-item__item wpra-grid-item__title\">\n        <a href=\"https:\/\/www.lavenir.net\/regions\/verviers\/sports\/2026\/04\/16\/journee-finale-ce-21-avril-pour-le-tennis-de-table-a-la-rucv-HLMBXO5XGRD5JPGT7D3FCFU5VM\/\" target=\"_blank\"  class=\"\">Journ\u00e9e finale ce 21 avril pour le <b>tennis de table<\/b>, \u00e0 la RUCV - L'Avenir<\/a>\n        \n    <\/div>\n                                \n                            \n                                    <div class=\"wpra-grid-item__item wpra-grid-item__information \">\n                    \n    <div class=\"feed-date\">\n        Publi\u00e9 le :  2026-04-16\n    <\/div>\n                                                    <\/div>\n                    <\/div>\n    \n<\/div>\n\n        <\/div>\n                    <div class=\"wpra-item feed-item  wpra-item--1of2\">\n            \n\n\n    \n\n<div\n    style=\"\"\n    class=\"wpra-grid-item wpra-grid-item--pull-last-item \"\n>\n    \n                <div class=\"wpra-grid-item__content\">\n                            \n                            \n        <div class=\"wpra-grid-item__item wpra-grid-item__title\">\n        <a href=\"https:\/\/www.sudinfo.be\/id1138473\/article\/2026-04-16\/tennis-de-table-pas-de-titre-mais-trois-montees-et-deja-un-fameux-renfort-pour\" target=\"_blank\"  class=\"\"><b>Tennis de table<\/b> | Pas de titre mais trois mont\u00e9es et d\u00e9j\u00e0 un fameux renfort pour Str\u00e9e - Sudinfo<\/a>\n        \n    <\/div>\n                                \n                            \n                                    <div class=\"wpra-grid-item__item wpra-grid-item__information \">\n                    \n    <div class=\"feed-date\">\n        Publi\u00e9 le :  2026-04-16\n    <\/div>\n                                                    <\/div>\n                    <\/div>\n    \n<\/div>\n\n        <\/div>\n                    <div class=\"wpra-item feed-item  wpra-item--1of2\">\n            \n\n\n    \n\n<div\n    style=\"\"\n    class=\"wpra-grid-item wpra-grid-item--pull-last-item \"\n>\n    \n                <div class=\"wpra-grid-item__content\">\n                            \n                            \n        <div class=\"wpra-grid-item__item wpra-grid-item__title\">\n        <a href=\"https:\/\/www.dhnet.be\/sports\/resultats\/matches\/hellas-vilvoorde-city-division-3v-football-corporatif-et-amateur-travailliste\/ma14356136-67901-5-51\/\" target=\"_blank\"  class=\"\">R\u00e9sultats et classements sportifs - Match du 19\/04\/2026 : Hellas - Vilvoorde City - La DH\/Les Sports+<\/a>\n        \n    <\/div>\n                                \n                            \n                                    <div class=\"wpra-grid-item__item wpra-grid-item__information \">\n                    \n    <div class=\"feed-date\">\n        Publi\u00e9 le :  2026-04-16\n    <\/div>\n                                                    <\/div>\n                    <\/div>\n    \n<\/div>\n\n        <\/div>\n                    <div class=\"wpra-item feed-item  wpra-item--1of2\">\n            \n\n\n    \n\n<div\n    style=\"\"\n    class=\"wpra-grid-item wpra-grid-item--pull-last-item \"\n>\n    \n                <div class=\"wpra-grid-item__content\">\n                            \n                            \n        <div class=\"wpra-grid-item__item wpra-grid-item__title\">\n        <a href=\"https:\/\/www.lavenir.net\/sports\/resultats\/matches\/lubb-leuven-sj-welkenraedt-nat-3d-hommes-volley-ball-national-aif-messieurs\/ma14607433-67801-6-66-204\/\" target=\"_blank\"  class=\"\">R\u00e9sultats et classements sportifs - Match du 18\/04\/2026 : Lubb.-Leuven - SJ Welkenraedt - L'Avenir<\/a>\n        \n    <\/div>\n                                \n                            \n                                    <div class=\"wpra-grid-item__item wpra-grid-item__information \">\n                    \n    <div class=\"feed-date\">\n        Publi\u00e9 le :  2026-04-16\n    <\/div>\n                                                    <\/div>\n                    <\/div>\n    \n<\/div>\n\n        <\/div>\n                    <div class=\"wpra-item feed-item  wpra-item--1of2\">\n            \n\n\n    \n\n<div\n    style=\"\"\n    class=\"wpra-grid-item wpra-grid-item--pull-last-item \"\n>\n    \n                <div class=\"wpra-grid-item__content\">\n                            \n                            \n        <div class=\"wpra-grid-item__item wpra-grid-item__title\">\n        <a href=\"https:\/\/www.dhnet.be\/regions\/brabant\/2026\/04\/15\/pas-besoin-detre-roger-federer-pour-y-jouer-decouvrez-le-pickleball-a-renipont-plage-lasne-ce-samedi-clone-JWK7DD745VEF3O5YK37UK7D5H4\/\" target=\"_blank\"  class=\"\">\"Pas besoin d'\u00eatre Roger Federer pour y jouer\": d\u00e9couvrez le pickleball \u00e0 Renipont Plage ...<\/a>\n        \n    <\/div>\n                                \n                            \n                                    <div class=\"wpra-grid-item__item wpra-grid-item__information \">\n                    \n    <div class=\"feed-date\">\n        Publi\u00e9 le :  2026-04-15\n    <\/div>\n                                                    <\/div>\n                    <\/div>\n    \n<\/div>\n\n        <\/div>\n                    <div class=\"wpra-item feed-item  wpra-item--1of2\">\n            \n\n\n    \n\n<div\n    style=\"\"\n    class=\"wpra-grid-item wpra-grid-item--pull-last-item \"\n>\n    \n                <div class=\"wpra-grid-item__content\">\n                            \n                            \n        <div class=\"wpra-grid-item__item wpra-grid-item__title\">\n        <a href=\"https:\/\/www.lavenir.net\/regions\/wallonie-picarde\/sports\/2026\/04\/15\/tennis-de-table-les-templiers-en-passe-de-rejoindre-la-p1-estaimbourg-est-devenu-un-club-repute-se-rejouit-maxime-hauwel-6575BMRCG5BWXJB4AB4PZ4EUWU\/\" target=\"_blank\"  class=\"\"><b>Tennis de table<\/b> | Les Templiers en passe de rejoindre la P1: \"Estaimbourg est devenu un ... - L'Avenir<\/a>\n        \n    <\/div>\n                                \n                            \n                                    <div class=\"wpra-grid-item__item wpra-grid-item__information \">\n                    \n    <div class=\"feed-date\">\n        Publi\u00e9 le :  2026-04-15\n    <\/div>\n                                                    <\/div>\n                    <\/div>\n    \n<\/div>\n\n        <\/div>\n                    <div class=\"wpra-item feed-item  wpra-item--1of2\">\n            \n\n\n    \n\n<div\n    style=\"\"\n    class=\"wpra-grid-item wpra-grid-item--pull-last-item \"\n>\n    \n                <div class=\"wpra-grid-item__content\">\n                            \n                            \n        <div class=\"wpra-grid-item__item wpra-grid-item__title\">\n        <a href=\"https:\/\/www.lalibre.be\/sports\/resultats\/matches\/impact-melin-ff-acad-gd-division-3-a-football-en-salle-ligue-brabant\/ma14561238-1940-4-41-179\/\" target=\"_blank\"  class=\"\">R\u00e9sultats et classements sportifs - Match du 15\/04\/2026 : Impact Melin - FF Acad. GD - LaLibre.be<\/a>\n        \n    <\/div>\n                                \n                            \n                                    <div class=\"wpra-grid-item__item wpra-grid-item__information \">\n                    \n    <div class=\"feed-date\">\n        Publi\u00e9 le :  2026-04-15\n    <\/div>\n                                                    <\/div>\n                    <\/div>\n    \n<\/div>\n\n        <\/div>\n        <\/div>\n\n        \n<\/div>\n\n<\/div>\n<\/div>\n\t\t\t\t\t\t<\/div>\n\t\t\t\t<\/div>\n\t\t\t\t\t<\/div>\n\t\t\t\t<\/div>\n\t\t\t\t<\/div>\n\t\t","protected":false},"excerpt":{"rendered":"<p>Cet outil g\u00e9n\u00e8re automatiquement une s\u00e9lection d&#8217;articles de presse qui \u00e9voquent le tennis de table en Belgique. Il est important de noter que : Certains articles peuvent ne pas traiter principalement du tennis de table, mais incluent des r\u00e9f\u00e9rences \u00e0 notre sport dans un contexte secondaire. En raison de l&#8217;automatisation, il se peut que certains &#8230; <a title=\"Revues de presse\" class=\"read-more\" href=\"https:\/\/aftt.be\/index.php\/revues-de-presse\/\" aria-label=\"En savoir plus sur Revues de presse\">Lire la suite<\/a><\/p>\n","protected":false},"author":1,"featured_media":0,"parent":0,"menu_order":0,"comment_status":"closed","ping_status":"closed","template":"","meta":{"footnotes":""},"class_list":["post-2018","page","type-page","status-publish"],"yoast_head":"<!-- This site is optimized with the Yoast SEO plugin v26.2 - https:\/\/yoast.com\/wordpress\/plugins\/seo\/ -->\n<title>Revues de presse - AFTT<\/title>\n<meta name=\"robots\" content=\"index, follow, max-snippet:-1, max-image-preview:large, max-video-preview:-1\" \/>\n<link rel=\"canonical\" href=\"https:\/\/aftt.be\/index.php\/revues-de-presse\/\" \/>\n<meta property=\"og:locale\" content=\"fr_FR\" \/>\n<meta property=\"og:type\" content=\"article\" \/>\n<meta property=\"og:title\" content=\"Revues de presse - AFTT\" \/>\n<meta property=\"og:description\" content=\"Cet outil g\u00e9n\u00e8re automatiquement une s\u00e9lection d&#8217;articles de presse qui \u00e9voquent le tennis de table en Belgique. Il est important de noter que : Certains articles peuvent ne pas traiter principalement du tennis de table, mais incluent des r\u00e9f\u00e9rences \u00e0 notre sport dans un contexte secondaire. En raison de l&#8217;automatisation, il se peut que certains ... Lire la suite\" \/>\n<meta property=\"og:url\" content=\"https:\/\/aftt.be\/index.php\/revues-de-presse\/\" \/>\n<meta property=\"og:site_name\" content=\"AFTT\" \/>\n<meta property=\"article:publisher\" content=\"https:\/\/www.facebook.com\/AFTTofficiel\" \/>\n<meta property=\"article:modified_time\" content=\"2025-01-23T11:32:29+00:00\" \/>\n<meta name=\"twitter:card\" content=\"summary_large_image\" \/>\n<script type=\"application\/ld+json\" class=\"yoast-schema-graph\">{\"@context\":\"https:\/\/schema.org\",\"@graph\":[{\"@type\":\"WebPage\",\"@id\":\"https:\/\/aftt.be\/index.php\/revues-de-presse\/\",\"url\":\"https:\/\/aftt.be\/index.php\/revues-de-presse\/\",\"name\":\"Revues de presse - AFTT\",\"isPartOf\":{\"@id\":\"https:\/\/aftt.be\/#website\"},\"datePublished\":\"2025-01-14T08:49:06+00:00\",\"dateModified\":\"2025-01-23T11:32:29+00:00\",\"breadcrumb\":{\"@id\":\"https:\/\/aftt.be\/index.php\/revues-de-presse\/#breadcrumb\"},\"inLanguage\":\"fr-FR\",\"potentialAction\":[{\"@type\":\"ReadAction\",\"target\":[\"https:\/\/aftt.be\/index.php\/revues-de-presse\/\"]}]},{\"@type\":\"BreadcrumbList\",\"@id\":\"https:\/\/aftt.be\/index.php\/revues-de-presse\/#breadcrumb\",\"itemListElement\":[{\"@type\":\"ListItem\",\"position\":1,\"name\":\"Accueil\",\"item\":\"https:\/\/aftt.be\/\"},{\"@type\":\"ListItem\",\"position\":2,\"name\":\"Revues de presse\"}]},{\"@type\":\"WebSite\",\"@id\":\"https:\/\/aftt.be\/#website\",\"url\":\"https:\/\/aftt.be\/\",\"name\":\"AFTT\",\"description\":\"\",\"publisher\":{\"@id\":\"https:\/\/aftt.be\/#organization\"},\"potentialAction\":[{\"@type\":\"SearchAction\",\"target\":{\"@type\":\"EntryPoint\",\"urlTemplate\":\"https:\/\/aftt.be\/?s={search_term_string}\"},\"query-input\":{\"@type\":\"PropertyValueSpecification\",\"valueRequired\":true,\"valueName\":\"search_term_string\"}}],\"inLanguage\":\"fr-FR\"},{\"@type\":\"Organization\",\"@id\":\"https:\/\/aftt.be\/#organization\",\"name\":\"AFTT\",\"url\":\"https:\/\/aftt.be\/\",\"logo\":{\"@type\":\"ImageObject\",\"inLanguage\":\"fr-FR\",\"@id\":\"https:\/\/aftt.be\/#\/schema\/logo\/image\/\",\"url\":\"https:\/\/aftt.be\/wp-content\/uploads\/2024\/12\/AFTT-150x150-1.png\",\"contentUrl\":\"https:\/\/aftt.be\/wp-content\/uploads\/2024\/12\/AFTT-150x150-1.png\",\"width\":150,\"height\":150,\"caption\":\"AFTT\"},\"image\":{\"@id\":\"https:\/\/aftt.be\/#\/schema\/logo\/image\/\"},\"sameAs\":[\"https:\/\/www.facebook.com\/AFTTofficiel\"]}]}<\/script>\n<!-- \/ Yoast SEO plugin. -->","yoast_head_json":{"title":"Revues de presse - AFTT","robots":{"index":"index","follow":"follow","max-snippet":"max-snippet:-1","max-image-preview":"max-image-preview:large","max-video-preview":"max-video-preview:-1"},"canonical":"https:\/\/aftt.be\/index.php\/revues-de-presse\/","og_locale":"fr_FR","og_type":"article","og_title":"Revues de presse - AFTT","og_description":"Cet outil g\u00e9n\u00e8re automatiquement une s\u00e9lection d&#8217;articles de presse qui \u00e9voquent le tennis de table en Belgique. Il est important de noter que : Certains articles peuvent ne pas traiter principalement du tennis de table, mais incluent des r\u00e9f\u00e9rences \u00e0 notre sport dans un contexte secondaire. En raison de l&#8217;automatisation, il se peut que certains ... Lire la suite","og_url":"https:\/\/aftt.be\/index.php\/revues-de-presse\/","og_site_name":"AFTT","article_publisher":"https:\/\/www.facebook.com\/AFTTofficiel","article_modified_time":"2025-01-23T11:32:29+00:00","twitter_card":"summary_large_image","schema":{"@context":"https:\/\/schema.org","@graph":[{"@type":"WebPage","@id":"https:\/\/aftt.be\/index.php\/revues-de-presse\/","url":"https:\/\/aftt.be\/index.php\/revues-de-presse\/","name":"Revues de presse - AFTT","isPartOf":{"@id":"https:\/\/aftt.be\/#website"},"datePublished":"2025-01-14T08:49:06+00:00","dateModified":"2025-01-23T11:32:29+00:00","breadcrumb":{"@id":"https:\/\/aftt.be\/index.php\/revues-de-presse\/#breadcrumb"},"inLanguage":"fr-FR","potentialAction":[{"@type":"ReadAction","target":["https:\/\/aftt.be\/index.php\/revues-de-presse\/"]}]},{"@type":"BreadcrumbList","@id":"https:\/\/aftt.be\/index.php\/revues-de-presse\/#breadcrumb","itemListElement":[{"@type":"ListItem","position":1,"name":"Accueil","item":"https:\/\/aftt.be\/"},{"@type":"ListItem","position":2,"name":"Revues de presse"}]},{"@type":"WebSite","@id":"https:\/\/aftt.be\/#website","url":"https:\/\/aftt.be\/","name":"AFTT","description":"","publisher":{"@id":"https:\/\/aftt.be\/#organization"},"potentialAction":[{"@type":"SearchAction","target":{"@type":"EntryPoint","urlTemplate":"https:\/\/aftt.be\/?s={search_term_string}"},"query-input":{"@type":"PropertyValueSpecification","valueRequired":true,"valueName":"search_term_string"}}],"inLanguage":"fr-FR"},{"@type":"Organization","@id":"https:\/\/aftt.be\/#organization","name":"AFTT","url":"https:\/\/aftt.be\/","logo":{"@type":"ImageObject","inLanguage":"fr-FR","@id":"https:\/\/aftt.be\/#\/schema\/logo\/image\/","url":"https:\/\/aftt.be\/wp-content\/uploads\/2024\/12\/AFTT-150x150-1.png","contentUrl":"https:\/\/aftt.be\/wp-content\/uploads\/2024\/12\/AFTT-150x150-1.png","width":150,"height":150,"caption":"AFTT"},"image":{"@id":"https:\/\/aftt.be\/#\/schema\/logo\/image\/"},"sameAs":["https:\/\/www.facebook.com\/AFTTofficiel"]}]}},"_links":{"self":[{"href":"https:\/\/aftt.be\/index.php\/wp-json\/wp\/v2\/pages\/2018","targetHints":{"allow":["GET"]}}],"collection":[{"href":"https:\/\/aftt.be\/index.php\/wp-json\/wp\/v2\/pages"}],"about":[{"href":"https:\/\/aftt.be\/index.php\/wp-json\/wp\/v2\/types\/page"}],"author":[{"embeddable":true,"href":"https:\/\/aftt.be\/index.php\/wp-json\/wp\/v2\/users\/1"}],"replies":[{"embeddable":true,"href":"https:\/\/aftt.be\/index.php\/wp-json\/wp\/v2\/comments?post=2018"}],"version-history":[{"count":13,"href":"https:\/\/aftt.be\/index.php\/wp-json\/wp\/v2\/pages\/2018\/revisions"}],"predecessor-version":[{"id":2861,"href":"https:\/\/aftt.be\/index.php\/wp-json\/wp\/v2\/pages\/2018\/revisions\/2861"}],"wp:attachment":[{"href":"https:\/\/aftt.be\/index.php\/wp-json\/wp\/v2\/media?parent=2018"}],"curies":[{"name":"wp","href":"https:\/\/api.w.org\/{rel}","templated":true}]}}