{"id":1178,"date":"2024-12-26T10:52:55","date_gmt":"2024-12-26T10:52:55","guid":{"rendered":"https:\/\/aftt.be\/?page_id=1178"},"modified":"2025-01-23T11:49:16","modified_gmt":"2025-01-23T11:49:16","slug":"animations","status":"publish","type":"page","link":"https:\/\/aftt.be\/index.php\/animations\/","title":{"rendered":"Animations"},"content":{"rendered":"\t\t<div data-elementor-type=\"wp-page\" data-elementor-id=\"1178\" class=\"elementor elementor-1178\" data-elementor-post-type=\"page\">\n\t\t\t\t<div class=\"elementor-element elementor-element-1adb348 e-flex e-con-boxed e-con e-parent\" data-id=\"1adb348\" data-element_type=\"container\">\n\t\t\t\t\t<div class=\"e-con-inner\">\n\t\t\t\t<div class=\"elementor-element elementor-element-ca2c132 elementor-widget__width-inherit elementor-widget elementor-widget-price-table\" data-id=\"ca2c132\" data-element_type=\"widget\" data-widget_type=\"price-table.default\">\n\t\t\t\t<div class=\"elementor-widget-container\">\n\t\t\t\t\t\n\t\t<div class=\"elementor-price-table\">\n\t\t\t\t\t\t\t<div class=\"elementor-price-table__header\">\n\t\t\t\t\t\t\t\t\t\t\t<h3 class=\"elementor-price-table__heading\">\n\t\t\t\t\t\tFormulaire d'animation\t\t\t\t\t\t<\/h3>\n\t\t\t\t\t\n\t\t\t\t\t\t\t\t\t<\/div>\n\t\t\t\n\t\t\t<div class=\"elementor-price-table__price\">\n\t\t\t\t\t\t\t\t\t\t\t\t\t\t\t\t\t<span class=\"elementor-price-table__integer-part\">\n\t\t\t\t\t\t150\t\t\t\t\t<\/span>\n\t\t\t\t\n\t\t\t\t\n\t\t\t\t<span class=\"elementor-price-table__currency\">&#128;<\/span>\n\t\t\t\t\t\t\t\t\t<span class=\"elementor-price-table__period elementor-typo-excluded\"><BR>le formulaire est \u00e0 compl\u00e9ter et \u00e0 renvoyer \u00e0 animation@aftt.be<\/span>\t\t\t\t\t\t\t<\/div>\n\n\t\t\t\t\t\t\t<ul class=\"elementor-price-table__features-list\">\n\t\t\t\t\t\t\t\t\t\t\t<li class=\"elementor-repeater-item-2d3c906\">\n\t\t\t\t\t\t\t<div class=\"elementor-price-table__feature-inner\">\n\t\t\t\t\t\t\t\t<svg aria-hidden=\"true\" class=\"e-font-icon-svg e-fas-money-check-alt\" viewBox=\"0 0 640 512\" xmlns=\"http:\/\/www.w3.org\/2000\/svg\"><path d=\"M608 32H32C14.33 32 0 46.33 0 64v384c0 17.67 14.33 32 32 32h576c17.67 0 32-14.33 32-32V64c0-17.67-14.33-32-32-32zM176 327.88V344c0 4.42-3.58 8-8 8h-16c-4.42 0-8-3.58-8-8v-16.29c-11.29-.58-22.27-4.52-31.37-11.35-3.9-2.93-4.1-8.77-.57-12.14l11.75-11.21c2.77-2.64 6.89-2.76 10.13-.73 3.87 2.42 8.26 3.72 12.82 3.72h28.11c6.5 0 11.8-5.92 11.8-13.19 0-5.95-3.61-11.19-8.77-12.73l-45-13.5c-18.59-5.58-31.58-23.42-31.58-43.39 0-24.52 19.05-44.44 42.67-45.07V152c0-4.42 3.58-8 8-8h16c4.42 0 8 3.58 8 8v16.29c11.29.58 22.27 4.51 31.37 11.35 3.9 2.93 4.1 8.77.57 12.14l-11.75 11.21c-2.77 2.64-6.89 2.76-10.13.73-3.87-2.43-8.26-3.72-12.82-3.72h-28.11c-6.5 0-11.8 5.92-11.8 13.19 0 5.95 3.61 11.19 8.77 12.73l45 13.5c18.59 5.58 31.58 23.42 31.58 43.39 0 24.53-19.05 44.44-42.67 45.07zM416 312c0 4.42-3.58 8-8 8H296c-4.42 0-8-3.58-8-8v-16c0-4.42 3.58-8 8-8h112c4.42 0 8 3.58 8 8v16zm160 0c0 4.42-3.58 8-8 8h-80c-4.42 0-8-3.58-8-8v-16c0-4.42 3.58-8 8-8h80c4.42 0 8 3.58 8 8v16zm0-96c0 4.42-3.58 8-8 8H296c-4.42 0-8-3.58-8-8v-16c0-4.42 3.58-8 8-8h272c4.42 0 8 3.58 8 8v16z\"><\/path><\/svg>\t\t\t\t\t\t\t\t\t\t\t\t\t\t\t\t\t<span >\n\t\t\t\t\t\t\t\t\t\t15 licences r\u00e9cr\u00e9atives offertes \t\t\t\t\t\t\t\t\t<\/span>\n\t\t\t\t\t\t\t\t\t\t\t\t\t\t\t\t<\/div>\n\t\t\t\t\t\t<\/li>\n\t\t\t\t\t\t\t\t\t\t\t<li class=\"elementor-repeater-item-3cef295\">\n\t\t\t\t\t\t\t<div class=\"elementor-price-table__feature-inner\">\n\t\t\t\t\t\t\t\t<svg aria-hidden=\"true\" class=\"e-font-icon-svg e-far-calendar-alt\" viewBox=\"0 0 448 512\" xmlns=\"http:\/\/www.w3.org\/2000\/svg\"><path d=\"M148 288h-40c-6.6 0-12-5.4-12-12v-40c0-6.6 5.4-12 12-12h40c6.6 0 12 5.4 12 12v40c0 6.6-5.4 12-12 12zm108-12v-40c0-6.6-5.4-12-12-12h-40c-6.6 0-12 5.4-12 12v40c0 6.6 5.4 12 12 12h40c6.6 0 12-5.4 12-12zm96 0v-40c0-6.6-5.4-12-12-12h-40c-6.6 0-12 5.4-12 12v40c0 6.6 5.4 12 12 12h40c6.6 0 12-5.4 12-12zm-96 96v-40c0-6.6-5.4-12-12-12h-40c-6.6 0-12 5.4-12 12v40c0 6.6 5.4 12 12 12h40c6.6 0 12-5.4 12-12zm-96 0v-40c0-6.6-5.4-12-12-12h-40c-6.6 0-12 5.4-12 12v40c0 6.6 5.4 12 12 12h40c6.6 0 12-5.4 12-12zm192 0v-40c0-6.6-5.4-12-12-12h-40c-6.6 0-12 5.4-12 12v40c0 6.6 5.4 12 12 12h40c6.6 0 12-5.4 12-12zm96-260v352c0 26.5-21.5 48-48 48H48c-26.5 0-48-21.5-48-48V112c0-26.5 21.5-48 48-48h48V12c0-6.6 5.4-12 12-12h40c6.6 0 12 5.4 12 12v52h128V12c0-6.6 5.4-12 12-12h40c6.6 0 12 5.4 12 12v52h48c26.5 0 48 21.5 48 48zm-48 346V160H48v298c0 3.3 2.7 6 6 6h340c3.3 0 6-2.7 6-6z\"><\/path><\/svg>\t\t\t\t\t\t\t\t\t\t\t\t\t\t\t\t\t<span >\n\t\t\t\t\t\t\t\t\t\tDans un d\u00e9lai d'un mois\t\t\t\t\t\t\t\t\t<\/span>\n\t\t\t\t\t\t\t\t\t\t\t\t\t\t\t\t<\/div>\n\t\t\t\t\t\t<\/li>\n\t\t\t\t\t\t\t\t\t<\/ul>\n\t\t\t\n\t\t\t\t\t\t\t<div class=\"elementor-price-table__footer\">\n\t\t\t\t\t\t\t\t\t\t\t<a class=\"elementor-price-table__button elementor-button elementor-size-md elementor-animation-buzz\" href=\"https:\/\/aftt.be\/wp-content\/uploads\/2024\/12\/Formulaire.pdf\" target=\"_blank\">\n\t\t\t\t\t\t\tT\u00e9l\u00e9charger le formulaire\t\t\t\t\t\t<\/a>\n\t\t\t\t\t\n\t\t\t\t\t\t\t\t\t<\/div>\n\t\t\t\t\t<\/div>\n\n\t\t\t\t\t<div class=\"elementor-ribbon\">\n\t\t\t\t<div class=\"elementor-ribbon-inner\">\n\t\t\t\t\tanimation\t\t\t\t<\/div>\n\t\t\t<\/div>\n\t\t\t\t\t\t\t<\/div>\n\t\t\t\t<\/div>\n\t\t\t\t<div class=\"elementor-element elementor-element-6d38c9b elementor-widget__width-inherit elementor-widget elementor-widget-price-table\" data-id=\"6d38c9b\" data-element_type=\"widget\" data-widget_type=\"price-table.default\">\n\t\t\t\t<div class=\"elementor-widget-container\">\n\t\t\t\t\t\n\t\t<div class=\"elementor-price-table\">\n\t\t\t\t\t\t\t<div class=\"elementor-price-table__header\">\n\t\t\t\t\t\t\t\t\t\t\t<h3 class=\"elementor-price-table__heading\">\n\t\t\t\t\t\tflyers\t\t\t\t\t\t<\/h3>\n\t\t\t\t\t\n\t\t\t\t\t\t\t\t\t<\/div>\n\t\t\t\n\t\t\t<div class=\"elementor-price-table__price\">\n\t\t\t\t\t\t\t\t\t\t\t\t\t\t\t\t\t<span class=\"elementor-price-table__integer-part\">\n\t\t\t\t\t\t0\t\t\t\t\t<\/span>\n\t\t\t\t\n\t\t\t\t\n\t\t\t\t<span class=\"elementor-price-table__currency\">&#128;<\/span>\n\t\t\t\t\t\t\t\t\t<span class=\"elementor-price-table__period elementor-typo-excluded\"><BR>Exemple de flyers qui sera distribu\u00e9<BR><BR><\/span>\t\t\t\t\t\t\t<\/div>\n\n\t\t\t\t\t\t\t<ul class=\"elementor-price-table__features-list\">\n\t\t\t\t\t\t\t\t\t\t\t<li class=\"elementor-repeater-item-2d3c906\">\n\t\t\t\t\t\t\t<div class=\"elementor-price-table__feature-inner\">\n\t\t\t\t\t\t\t\t<svg aria-hidden=\"true\" class=\"e-font-icon-svg e-fas-money-check-alt\" viewBox=\"0 0 640 512\" xmlns=\"http:\/\/www.w3.org\/2000\/svg\"><path d=\"M608 32H32C14.33 32 0 46.33 0 64v384c0 17.67 14.33 32 32 32h576c17.67 0 32-14.33 32-32V64c0-17.67-14.33-32-32-32zM176 327.88V344c0 4.42-3.58 8-8 8h-16c-4.42 0-8-3.58-8-8v-16.29c-11.29-.58-22.27-4.52-31.37-11.35-3.9-2.93-4.1-8.77-.57-12.14l11.75-11.21c2.77-2.64 6.89-2.76 10.13-.73 3.87 2.42 8.26 3.72 12.82 3.72h28.11c6.5 0 11.8-5.92 11.8-13.19 0-5.95-3.61-11.19-8.77-12.73l-45-13.5c-18.59-5.58-31.58-23.42-31.58-43.39 0-24.52 19.05-44.44 42.67-45.07V152c0-4.42 3.58-8 8-8h16c4.42 0 8 3.58 8 8v16.29c11.29.58 22.27 4.51 31.37 11.35 3.9 2.93 4.1 8.77.57 12.14l-11.75 11.21c-2.77 2.64-6.89 2.76-10.13.73-3.87-2.43-8.26-3.72-12.82-3.72h-28.11c-6.5 0-11.8 5.92-11.8 13.19 0 5.95 3.61 11.19 8.77 12.73l45 13.5c18.59 5.58 31.58 23.42 31.58 43.39 0 24.53-19.05 44.44-42.67 45.07zM416 312c0 4.42-3.58 8-8 8H296c-4.42 0-8-3.58-8-8v-16c0-4.42 3.58-8 8-8h112c4.42 0 8 3.58 8 8v16zm160 0c0 4.42-3.58 8-8 8h-80c-4.42 0-8-3.58-8-8v-16c0-4.42 3.58-8 8-8h80c4.42 0 8 3.58 8 8v16zm0-96c0 4.42-3.58 8-8 8H296c-4.42 0-8-3.58-8-8v-16c0-4.42 3.58-8 8-8h272c4.42 0 8 3.58 8 8v16z\"><\/path><\/svg>\t\t\t\t\t\t\t\t\t\t\t\t\t\t\t\t\t<span >\n\t\t\t\t\t\t\t\t\t\tCompris dans les 150\u20ac\t\t\t\t\t\t\t\t\t<\/span>\n\t\t\t\t\t\t\t\t\t\t\t\t\t\t\t\t<\/div>\n\t\t\t\t\t\t<\/li>\n\t\t\t\t\t\t\t\t\t\t\t<li class=\"elementor-repeater-item-3cef295\">\n\t\t\t\t\t\t\t<div class=\"elementor-price-table__feature-inner\">\n\t\t\t\t\t\t\t\t<svg aria-hidden=\"true\" class=\"e-font-icon-svg e-far-edit\" viewBox=\"0 0 576 512\" xmlns=\"http:\/\/www.w3.org\/2000\/svg\"><path d=\"M402.3 344.9l32-32c5-5 13.7-1.5 13.7 5.7V464c0 26.5-21.5 48-48 48H48c-26.5 0-48-21.5-48-48V112c0-26.5 21.5-48 48-48h273.5c7.1 0 10.7 8.6 5.7 13.7l-32 32c-1.5 1.5-3.5 2.3-5.7 2.3H48v352h352V350.5c0-2.1.8-4.1 2.3-5.6zm156.6-201.8L296.3 405.7l-90.4 10c-26.2 2.9-48.5-19.2-45.6-45.6l10-90.4L432.9 17.1c22.9-22.9 59.9-22.9 82.7 0l43.2 43.2c22.9 22.9 22.9 60 .1 82.8zM460.1 174L402 115.9 216.2 301.8l-7.3 65.3 65.3-7.3L460.1 174zm64.8-79.7l-43.2-43.2c-4.1-4.1-10.8-4.1-14.8 0L436 82l58.1 58.1 30.9-30.9c4-4.2 4-10.8-.1-14.9z\"><\/path><\/svg>\t\t\t\t\t\t\t\t\t\t\t\t\t\t\t\t\t<span >\n\t\t\t\t\t\t\t\t\t\tPersonnalisable\t\t\t\t\t\t\t\t\t<\/span>\n\t\t\t\t\t\t\t\t\t\t\t\t\t\t\t\t<\/div>\n\t\t\t\t\t\t<\/li>\n\t\t\t\t\t\t\t\t\t<\/ul>\n\t\t\t\n\t\t\t\t\t\t\t<div class=\"elementor-price-table__footer\">\n\t\t\t\t\t\t\t\t\t\t\t<a class=\"elementor-price-table__button elementor-button elementor-size-md elementor-animation-buzz\" href=\"https:\/\/aftt.be\/wp-content\/uploads\/2024\/12\/Affiche-Flyer-animation.pdf\" target=\"_blank\">\n\t\t\t\t\t\t\tVoir l'exemple\t\t\t\t\t\t<\/a>\n\t\t\t\t\t\n\t\t\t\t\t\t\t\t\t<\/div>\n\t\t\t\t\t<\/div>\n\n\t\t\t\t\t<div class=\"elementor-ribbon\">\n\t\t\t\t<div class=\"elementor-ribbon-inner\">\n\t\t\t\t\tanimation\t\t\t\t<\/div>\n\t\t\t<\/div>\n\t\t\t\t\t\t\t<\/div>\n\t\t\t\t<\/div>\n\t\t\t\t\t<\/div>\n\t\t\t\t<\/div>\n\t\t<div class=\"elementor-element elementor-element-fb03c29 e-flex e-con-boxed e-con e-parent\" data-id=\"fb03c29\" data-element_type=\"container\">\n\t\t\t\t\t<div class=\"e-con-inner\">\n\t\t\t\t<div class=\"elementor-element elementor-element-428fbd9 elementor-widget elementor-widget-video\" data-id=\"428fbd9\" data-element_type=\"widget\" data-settings=\"{&quot;youtube_url&quot;:&quot;https:\\\/\\\/youtu.be\\\/xUnvvH_8cxo&quot;,&quot;video_type&quot;:&quot;youtube&quot;,&quot;controls&quot;:&quot;yes&quot;}\" data-widget_type=\"video.default\">\n\t\t\t\t<div class=\"elementor-widget-container\">\n\t\t\t\t\t\t\t<div class=\"elementor-wrapper elementor-open-inline\">\n\t\t\t<div class=\"elementor-video\"><\/div>\t\t<\/div>\n\t\t\t\t\t\t<\/div>\n\t\t\t\t<\/div>\n\t\t\t\t\t<\/div>\n\t\t\t\t<\/div>\n\t\t<div class=\"elementor-element elementor-element-7e89ee0 e-flex e-con-boxed e-con e-parent\" data-id=\"7e89ee0\" data-element_type=\"container\">\n\t\t\t\t\t<div class=\"e-con-inner\">\n\t\t\t\t<div class=\"elementor-element elementor-element-91724f7 elementor-widget elementor-widget-image\" data-id=\"91724f7\" data-element_type=\"widget\" data-widget_type=\"image.default\">\n\t\t\t\t<div class=\"elementor-widget-container\">\n\t\t\t\t\t\t\t\t\t\t\t\t\t\t\t\t<a href=\"https:\/\/aftt.be\/wp-content\/uploads\/2024\/12\/Plaquette-Animation-Presentation.png\" data-elementor-open-lightbox=\"yes\" data-elementor-lightbox-title=\"Plaquette-Animation-Presentation\" data-e-action-hash=\"#elementor-action%3Aaction%3Dlightbox%26settings%3DeyJpZCI6MTE4NCwidXJsIjoiaHR0cHM6XC9cL2FmdHQuYmVcL3dwLWNvbnRlbnRcL3VwbG9hZHNcLzIwMjRcLzEyXC9QbGFxdWV0dGUtQW5pbWF0aW9uLVByZXNlbnRhdGlvbi5wbmcifQ%3D%3D\">\n\t\t\t\t\t\t\t<img fetchpriority=\"high\" decoding=\"async\" width=\"410\" height=\"1024\" src=\"https:\/\/aftt.be\/wp-content\/uploads\/2024\/12\/Plaquette-Animation-Presentation-410x1024.png\" class=\"attachment-large size-large wp-image-1184\" alt=\"\" srcset=\"https:\/\/aftt.be\/wp-content\/uploads\/2024\/12\/Plaquette-Animation-Presentation-410x1024.png 410w, https:\/\/aftt.be\/wp-content\/uploads\/2024\/12\/Plaquette-Animation-Presentation-120x300.png 120w, https:\/\/aftt.be\/wp-content\/uploads\/2024\/12\/Plaquette-Animation-Presentation-768x1920.png 768w, https:\/\/aftt.be\/wp-content\/uploads\/2024\/12\/Plaquette-Animation-Presentation-750x1875.png 750w, https:\/\/aftt.be\/wp-content\/uploads\/2024\/12\/Plaquette-Animation-Presentation.png 800w\" sizes=\"(max-width: 410px) 100vw, 410px\" \/>\t\t\t\t\t\t\t\t<\/a>\n\t\t\t\t\t\t\t\t\t\t\t\t\t\t\t<\/div>\n\t\t\t\t<\/div>\n\t\t\t\t\t<\/div>\n\t\t\t\t<\/div>\n\t\t\t\t<\/div>\n\t\t","protected":false},"excerpt":{"rendered":"<p>Formulaire d&#8217;animation 150 &#8364; le formulaire est \u00e0 compl\u00e9ter et \u00e0 renvoyer \u00e0 animation@aftt.be 15 licences r\u00e9cr\u00e9atives offertes Dans un d\u00e9lai d&#8217;un mois T\u00e9l\u00e9charger le formulaire animation flyers 0 &#8364; Exemple de flyers qui sera distribu\u00e9 Compris dans les 150\u20ac Personnalisable Voir l&#8217;exemple animation<\/p>\n","protected":false},"author":1,"featured_media":0,"parent":0,"menu_order":0,"comment_status":"closed","ping_status":"closed","template":"","meta":{"footnotes":""},"class_list":["post-1178","page","type-page","status-publish"],"yoast_head":"<!-- This site is optimized with the Yoast SEO plugin v26.2 - https:\/\/yoast.com\/wordpress\/plugins\/seo\/ -->\n<title>Animations - AFTT<\/title>\n<meta name=\"robots\" content=\"index, follow, max-snippet:-1, max-image-preview:large, max-video-preview:-1\" \/>\n<link rel=\"canonical\" href=\"https:\/\/aftt.be\/index.php\/animations\/\" \/>\n<meta property=\"og:locale\" content=\"fr_FR\" \/>\n<meta property=\"og:type\" content=\"article\" \/>\n<meta property=\"og:title\" content=\"Animations - AFTT\" \/>\n<meta property=\"og:description\" content=\"Formulaire d&#8217;animation 150 &#8364; le formulaire est \u00e0 compl\u00e9ter et \u00e0 renvoyer \u00e0 animation@aftt.be 15 licences r\u00e9cr\u00e9atives offertes Dans un d\u00e9lai d&#8217;un mois T\u00e9l\u00e9charger le formulaire animation flyers 0 &#8364; Exemple de flyers qui sera distribu\u00e9 Compris dans les 150\u20ac Personnalisable Voir l&#8217;exemple animation\" \/>\n<meta property=\"og:url\" content=\"https:\/\/aftt.be\/index.php\/animations\/\" \/>\n<meta property=\"og:site_name\" content=\"AFTT\" \/>\n<meta property=\"article:publisher\" content=\"https:\/\/www.facebook.com\/AFTTofficiel\" \/>\n<meta property=\"article:modified_time\" content=\"2025-01-23T11:49:16+00:00\" \/>\n<meta property=\"og:image\" content=\"https:\/\/aftt.be\/wp-content\/uploads\/2024\/12\/Plaquette-Animation-Presentation-410x1024.png\" \/>\n<meta name=\"twitter:card\" content=\"summary_large_image\" \/>\n<script type=\"application\/ld+json\" class=\"yoast-schema-graph\">{\"@context\":\"https:\/\/schema.org\",\"@graph\":[{\"@type\":\"WebPage\",\"@id\":\"https:\/\/aftt.be\/index.php\/animations\/\",\"url\":\"https:\/\/aftt.be\/index.php\/animations\/\",\"name\":\"Animations - AFTT\",\"isPartOf\":{\"@id\":\"https:\/\/aftt.be\/#website\"},\"primaryImageOfPage\":{\"@id\":\"https:\/\/aftt.be\/index.php\/animations\/#primaryimage\"},\"image\":{\"@id\":\"https:\/\/aftt.be\/index.php\/animations\/#primaryimage\"},\"thumbnailUrl\":\"https:\/\/aftt.be\/wp-content\/uploads\/2024\/12\/Plaquette-Animation-Presentation-410x1024.png\",\"datePublished\":\"2024-12-26T10:52:55+00:00\",\"dateModified\":\"2025-01-23T11:49:16+00:00\",\"breadcrumb\":{\"@id\":\"https:\/\/aftt.be\/index.php\/animations\/#breadcrumb\"},\"inLanguage\":\"fr-FR\",\"potentialAction\":[{\"@type\":\"ReadAction\",\"target\":[\"https:\/\/aftt.be\/index.php\/animations\/\"]}]},{\"@type\":\"ImageObject\",\"inLanguage\":\"fr-FR\",\"@id\":\"https:\/\/aftt.be\/index.php\/animations\/#primaryimage\",\"url\":\"https:\/\/aftt.be\/wp-content\/uploads\/2024\/12\/Plaquette-Animation-Presentation.png\",\"contentUrl\":\"https:\/\/aftt.be\/wp-content\/uploads\/2024\/12\/Plaquette-Animation-Presentation.png\",\"width\":800,\"height\":2000},{\"@type\":\"BreadcrumbList\",\"@id\":\"https:\/\/aftt.be\/index.php\/animations\/#breadcrumb\",\"itemListElement\":[{\"@type\":\"ListItem\",\"position\":1,\"name\":\"Accueil\",\"item\":\"https:\/\/aftt.be\/\"},{\"@type\":\"ListItem\",\"position\":2,\"name\":\"Animations\"}]},{\"@type\":\"WebSite\",\"@id\":\"https:\/\/aftt.be\/#website\",\"url\":\"https:\/\/aftt.be\/\",\"name\":\"AFTT\",\"description\":\"\",\"publisher\":{\"@id\":\"https:\/\/aftt.be\/#organization\"},\"potentialAction\":[{\"@type\":\"SearchAction\",\"target\":{\"@type\":\"EntryPoint\",\"urlTemplate\":\"https:\/\/aftt.be\/?s={search_term_string}\"},\"query-input\":{\"@type\":\"PropertyValueSpecification\",\"valueRequired\":true,\"valueName\":\"search_term_string\"}}],\"inLanguage\":\"fr-FR\"},{\"@type\":\"Organization\",\"@id\":\"https:\/\/aftt.be\/#organization\",\"name\":\"AFTT\",\"url\":\"https:\/\/aftt.be\/\",\"logo\":{\"@type\":\"ImageObject\",\"inLanguage\":\"fr-FR\",\"@id\":\"https:\/\/aftt.be\/#\/schema\/logo\/image\/\",\"url\":\"https:\/\/aftt.be\/wp-content\/uploads\/2024\/12\/AFTT-150x150-1.png\",\"contentUrl\":\"https:\/\/aftt.be\/wp-content\/uploads\/2024\/12\/AFTT-150x150-1.png\",\"width\":150,\"height\":150,\"caption\":\"AFTT\"},\"image\":{\"@id\":\"https:\/\/aftt.be\/#\/schema\/logo\/image\/\"},\"sameAs\":[\"https:\/\/www.facebook.com\/AFTTofficiel\"]}]}<\/script>\n<!-- \/ Yoast SEO plugin. -->","yoast_head_json":{"title":"Animations - AFTT","robots":{"index":"index","follow":"follow","max-snippet":"max-snippet:-1","max-image-preview":"max-image-preview:large","max-video-preview":"max-video-preview:-1"},"canonical":"https:\/\/aftt.be\/index.php\/animations\/","og_locale":"fr_FR","og_type":"article","og_title":"Animations - AFTT","og_description":"Formulaire d&#8217;animation 150 &#8364; le formulaire est \u00e0 compl\u00e9ter et \u00e0 renvoyer \u00e0 animation@aftt.be 15 licences r\u00e9cr\u00e9atives offertes Dans un d\u00e9lai d&#8217;un mois T\u00e9l\u00e9charger le formulaire animation flyers 0 &#8364; Exemple de flyers qui sera distribu\u00e9 Compris dans les 150\u20ac Personnalisable Voir l&#8217;exemple animation","og_url":"https:\/\/aftt.be\/index.php\/animations\/","og_site_name":"AFTT","article_publisher":"https:\/\/www.facebook.com\/AFTTofficiel","article_modified_time":"2025-01-23T11:49:16+00:00","og_image":[{"url":"https:\/\/aftt.be\/wp-content\/uploads\/2024\/12\/Plaquette-Animation-Presentation-410x1024.png","type":"","width":"","height":""}],"twitter_card":"summary_large_image","schema":{"@context":"https:\/\/schema.org","@graph":[{"@type":"WebPage","@id":"https:\/\/aftt.be\/index.php\/animations\/","url":"https:\/\/aftt.be\/index.php\/animations\/","name":"Animations - AFTT","isPartOf":{"@id":"https:\/\/aftt.be\/#website"},"primaryImageOfPage":{"@id":"https:\/\/aftt.be\/index.php\/animations\/#primaryimage"},"image":{"@id":"https:\/\/aftt.be\/index.php\/animations\/#primaryimage"},"thumbnailUrl":"https:\/\/aftt.be\/wp-content\/uploads\/2024\/12\/Plaquette-Animation-Presentation-410x1024.png","datePublished":"2024-12-26T10:52:55+00:00","dateModified":"2025-01-23T11:49:16+00:00","breadcrumb":{"@id":"https:\/\/aftt.be\/index.php\/animations\/#breadcrumb"},"inLanguage":"fr-FR","potentialAction":[{"@type":"ReadAction","target":["https:\/\/aftt.be\/index.php\/animations\/"]}]},{"@type":"ImageObject","inLanguage":"fr-FR","@id":"https:\/\/aftt.be\/index.php\/animations\/#primaryimage","url":"https:\/\/aftt.be\/wp-content\/uploads\/2024\/12\/Plaquette-Animation-Presentation.png","contentUrl":"https:\/\/aftt.be\/wp-content\/uploads\/2024\/12\/Plaquette-Animation-Presentation.png","width":800,"height":2000},{"@type":"BreadcrumbList","@id":"https:\/\/aftt.be\/index.php\/animations\/#breadcrumb","itemListElement":[{"@type":"ListItem","position":1,"name":"Accueil","item":"https:\/\/aftt.be\/"},{"@type":"ListItem","position":2,"name":"Animations"}]},{"@type":"WebSite","@id":"https:\/\/aftt.be\/#website","url":"https:\/\/aftt.be\/","name":"AFTT","description":"","publisher":{"@id":"https:\/\/aftt.be\/#organization"},"potentialAction":[{"@type":"SearchAction","target":{"@type":"EntryPoint","urlTemplate":"https:\/\/aftt.be\/?s={search_term_string}"},"query-input":{"@type":"PropertyValueSpecification","valueRequired":true,"valueName":"search_term_string"}}],"inLanguage":"fr-FR"},{"@type":"Organization","@id":"https:\/\/aftt.be\/#organization","name":"AFTT","url":"https:\/\/aftt.be\/","logo":{"@type":"ImageObject","inLanguage":"fr-FR","@id":"https:\/\/aftt.be\/#\/schema\/logo\/image\/","url":"https:\/\/aftt.be\/wp-content\/uploads\/2024\/12\/AFTT-150x150-1.png","contentUrl":"https:\/\/aftt.be\/wp-content\/uploads\/2024\/12\/AFTT-150x150-1.png","width":150,"height":150,"caption":"AFTT"},"image":{"@id":"https:\/\/aftt.be\/#\/schema\/logo\/image\/"},"sameAs":["https:\/\/www.facebook.com\/AFTTofficiel"]}]}},"_links":{"self":[{"href":"https:\/\/aftt.be\/index.php\/wp-json\/wp\/v2\/pages\/1178","targetHints":{"allow":["GET"]}}],"collection":[{"href":"https:\/\/aftt.be\/index.php\/wp-json\/wp\/v2\/pages"}],"about":[{"href":"https:\/\/aftt.be\/index.php\/wp-json\/wp\/v2\/types\/page"}],"author":[{"embeddable":true,"href":"https:\/\/aftt.be\/index.php\/wp-json\/wp\/v2\/users\/1"}],"replies":[{"embeddable":true,"href":"https:\/\/aftt.be\/index.php\/wp-json\/wp\/v2\/comments?post=1178"}],"version-history":[{"count":31,"href":"https:\/\/aftt.be\/index.php\/wp-json\/wp\/v2\/pages\/1178\/revisions"}],"predecessor-version":[{"id":2895,"href":"https:\/\/aftt.be\/index.php\/wp-json\/wp\/v2\/pages\/1178\/revisions\/2895"}],"wp:attachment":[{"href":"https:\/\/aftt.be\/index.php\/wp-json\/wp\/v2\/media?parent=1178"}],"curies":[{"name":"wp","href":"https:\/\/api.w.org\/{rel}","templated":true}]}}